{"id":650,"date":"2014-09-27T09:07:39","date_gmt":"2014-09-27T09:07:39","guid":{"rendered":"https:\/\/seestlokalhistoriskeforening.dk\/?page_id=650"},"modified":"2023-11-30T15:51:49","modified_gmt":"2023-11-30T15:51:49","slug":"bliv-medlem","status":"publish","type":"page","link":"https:\/\/seestlokalhistoriskeforening.dk\/?page_id=650","title":{"rendered":"Bliv medlem"},"content":{"rendered":"<p style=\"text-align: center;\">Bliv medlem af Seest Lokalhistoriske Forening<\/p>\n<p style=\"text-align: center;\">Medlemskab af foreningen koster pr. \u00e5r:<\/p>\n<p style=\"text-align: center;\">enkeltpersoner\u00a0 kr. 100,-<\/p>\n<p style=\"text-align: center;\">pr. par kr. 175,-<\/p>\n<p style=\"text-align: center;\">Foreningens konto<\/p>\n<h1 style=\"text-align: center;\"><strong>Vestjysk Bank<\/strong><\/h1>\n<h3 style=\"text-align: center;\"><strong>reg.nr.7392, konto 6581510312<\/strong><\/h3>\n<p>&nbsp;<\/p>\n<p style=\"text-align: center;\"><strong>Kan ogs\u00e5 betales pr. MobilePay p\u00e5 nr. 2811 2440 (Preben S\u00f8egaard), s\u00e5 overf\u00f8rer jeg bel\u00f8bet til foreningens konto.<\/strong><\/p>\n<p style=\"text-align: center;\">\n","protected":false},"excerpt":{"rendered":"<p>Bliv medlem af Seest Lokalhistoriske Forening Medlemskab af foreningen koster pr. \u00e5r: enkeltpersoner\u00a0 kr. 100,- pr. par kr. 175,- Foreningens konto Vestjysk Bank reg.nr.7392, konto 6581510312 &nbsp; Kan ogs\u00e5 betales pr. MobilePay p\u00e5 nr. 2811 2440 (Preben S\u00f8egaard), s\u00e5 overf\u00f8rer jeg bel\u00f8bet til foreningens konto.<\/p>\n","protected":false},"author":1,"featured_media":0,"parent":0,"menu_order":0,"comment_status":"closed","ping_status":"closed","template":"","meta":{"footnotes":""},"class_list":["post-650","page","type-page","status-publish","czr-hentry"],"_links":{"self":[{"href":"https:\/\/seestlokalhistoriskeforening.dk\/index.php?rest_route=\/wp\/v2\/pages\/650","targetHints":{"allow":["GET"]}}],"collection":[{"href":"https:\/\/seestlokalhistoriskeforening.dk\/index.php?rest_route=\/wp\/v2\/pages"}],"about":[{"href":"https:\/\/seestlokalhistoriskeforening.dk\/index.php?rest_route=\/wp\/v2\/types\/page"}],"author":[{"embeddable":true,"href":"https:\/\/seestlokalhistoriskeforening.dk\/index.php?rest_route=\/wp\/v2\/users\/1"}],"replies":[{"embeddable":true,"href":"https:\/\/seestlokalhistoriskeforening.dk\/index.php?rest_route=%2Fwp%2Fv2%2Fcomments&post=650"}],"version-history":[{"count":11,"href":"https:\/\/seestlokalhistoriskeforening.dk\/index.php?rest_route=\/wp\/v2\/pages\/650\/revisions"}],"predecessor-version":[{"id":2669,"href":"https:\/\/seestlokalhistoriskeforening.dk\/index.php?rest_route=\/wp\/v2\/pages\/650\/revisions\/2669"}],"wp:attachment":[{"href":"https:\/\/seestlokalhistoriskeforening.dk\/index.php?rest_route=%2Fwp%2Fv2%2Fmedia&parent=650"}],"curies":[{"name":"wp","href":"https:\/\/api.w.org\/{rel}","templated":true}]}}