{"id":551,"date":"2014-05-22T07:56:20","date_gmt":"2014-05-22T07:56:20","guid":{"rendered":"http:\/\/steeno.dk\/wp\/?page_id=551"},"modified":"2016-02-23T16:07:57","modified_gmt":"2016-02-23T16:07:57","slug":"historie","status":"publish","type":"page","link":"https:\/\/seestlokalhistoriskeforening.dk\/?page_id=551","title":{"rendered":"Historie"},"content":{"rendered":"<p><strong>Seest Lokalhistoriske Forening.\u00a0<\/strong><strong>Stiftet den 28. februar 2012.<\/strong><\/p>\n<p>Ideen til en i lokalhistorisk forening i Seest tager sin begyndelse i 2009, hvor Arne Hansen Overholmg\u00e5rd i Seest, p\u00e5 opfordring af sognepr\u00e6st Kristina Nilsson ved Seest Kirke, skriver et indl\u00e6g til Seest Sogns Kirkeblad med titlen Plovfuren og jernbanen \u2013 en \u00e5dal med historie.<\/p>\n<p>I 2010 bliver Arne Hansen p\u00e5 ny kontaktet af Kristina Nilsson for en ny historisk artikel til kirkebladet om det gamle Seest. Arne Hansen bidrager denne gang med indl\u00e6gget \u00b4Overbyvej og teglv\u00e6rkerne` Seest \u2013 et arbejderkvarter.<br \/>\nEfter dette historiske indl\u00e6g n\u00e6vner Arne Hansen over for Kristina Nilsson, at der burde laves en historisk forening i Seest. Hertil svarer Kristina Nilsson, at hun gerne vil v\u00e6re ham behj\u00e6lpelig med at f\u00f8re ideen videre. Herefter enedes Arne Hansen og Kristina Nilsson om at g\u00f8re et fors\u00f8g p\u00e5 at samle en arbejdsgruppe med historisk interesse, med henblik p\u00e5 en lokalhistorisk forening i Seest.<\/p>\n<p>Den17. maj 2011 indkaldes, via opslag og rundsp\u00f8rge, til det f\u00f8rste m\u00f8de i sognehuset for interesserede. En halv snes borgere m\u00f8dte op p\u00e5 dagen. Efter en pr\u00e6sentation af de fremm\u00f8dte gjorde Kristina Nilsson rede for kirkens historie. Efterf\u00f8lgende blev en navneliste over de fremm\u00f8dte ud- f\u00e6rdigt og datoen for n\u00e6ste m\u00f8de fastsat til den 7. sept. 2011.<br \/>\nP\u00e5 dette m\u00f8det blev en arbejdsgruppe nedsat og datoen for en stiftende generalforsamling fastsat til den 18. jan. 2012.<\/p>\n<p>Generalforsamlingen den 18. jan. 2012 kunne ikke gennemf\u00f8res idet den valgte dirigent Per Thornberg konstaterede over for forsamlingen, at arbejdsgruppen havde glemt at udarbejde vedt\u00e6gter. En ny dato for en stiftende generalforsamling blev fastsat til den 28. feb. 2012.<br \/>\nP\u00e5 Generalforsamlingen den 28. feb., hvor 40 borgere m\u00f8dte op, fik foreningen navnet: Seest Lokalhistoriske Forening. En bestyrelse blev valgt og fik f\u00f8lgende medlemmer, der senere konstituerede sig selv: Erling Poulsen, Arne Hansen, Torben Pedersen, Kamma Rasmussen og Klaus Astrup. Suppleanter for bestyrelsen: Claus Stokholm og Anette Astrup. Revisor: Tove Pedersen og revisorsuppleant Per Thornberg. Foreningens f\u00f8rste formand blev Erling Poulsen. Foreningen har i dag 40 medlemmer og egen hjemmeside.<\/p>\n<p>JH<\/p>\n<p>&nbsp;<\/p>\n<p>Referat fra den stiftende generalforsamling<\/p>\n<p>Dagsorden til den<\/p>\n<h4>Stiftende generalforsamling den 28. februar 2012 kl. 19.00 for Seest lokalhistoriske forening:<\/h4>\n<p>0) Arbejdsgruppen pr\u00e6senteres, og der g\u00f8res rede for ideen med en lokalhistorisk forening.<\/p>\n<p>Ad 0) Erling Poulsen fortalte kort om det indledende arbejde med en kommende lokalhistorisk forening i Seest; bl.a. i et samarbejde mellem Arne Hansen, Anton Yding og Erling Poulsen. Seest kirke har stille et lokale til r\u00e5dighed.<\/p>\n<p>1)\u00a0\u00a0\u00a0\u00a0 Valg af dirigent (forslag: Per Thornberg) og valg af referent.<\/p>\n<p>Ad 1) Per Thornberg valgt som dirigent. Niels Frahm valgt som referent.<\/p>\n<p>2) Foreningens navn (Forslag: Seest Lokalhistorisk(e) Forening)<\/p>\n<p>Ad 2) Efter en kort meningsveksling blev foreningens navn enstemmigt besluttet til at v\u00e6re <strong>Seest Lokalhistoriske Forening<\/strong><\/p>\n<p>3)\u00a0\u00a0\u00a0\u00a0 Vedt\u00e6gter (Forslag) bem\u00e6rk is\u00e6r valg af bestyrelse (5 eller 7 medlemmer)<\/p>\n<p>Ad 3) Det blev af Per Thornberg pr\u00e6ciseret, at alle fremm\u00f8dte har \u00e9n stemme, og at foreningen nu dannes med de fremm\u00f8dte. Det uddelte forslag til vedt\u00e6gter blev gennemg\u00e5et. Navnet for foreningen \u00a7 1 blev rette til Seest lokalhistoriske Forening. I \u00a7 4 blev afholdelse af ordin\u00e6r generalforsamling fastsat til afholdelse \u201di marts m\u00e5ned\u201d, og at generalforsamling kan annonceres \u201di de lokale medier\u201d.<\/p>\n<p>4)\u00a0\u00a0\u00a0\u00a0 Valg (valg af 5 til bestyrelsen, 2 suppleanter, 1 revisor, 1 revisor suppleant)<\/p>\n<p>Ad 4) <strong>Valgt til bestyrelsen<\/strong>:<\/p>\n<p>Erling Poulsen, Opalvej 21, 6000 Kolding<\/p>\n<p>Arne Hansen, Overbyvej 29, 6000 Kolding<\/p>\n<p>Torben Pedersen, Steen Blichersvej 24, 6000 Kolding<\/p>\n<p>Kamma Margrethe Rasmussen, Seest Bakke 121, 6000 Kolding<\/p>\n<p>Klaus Astrup, Sdr. Kongevej 22, 6000 Kolding<\/p>\n<p><strong>Valgt til suppleanter for bestyrelsen<\/strong>:<\/p>\n<p>Claus Stokholm, Hauchsvej 6, 6000 Kolding<\/p>\n<p>Anette Astrup, Seestvej 39, 6000 Kolding<\/p>\n<p><strong>Valgt som revisor<\/strong>:<\/p>\n<p>Tove Pedersen, Kringsv\u00e6nget 48, 6000 Kolding<\/p>\n<p><strong>Valgt som revisor suppleant<\/strong>:<\/p>\n<p>Per Thornberg, Tandholtvej 5, 6000 Kolding<\/p>\n<p>5) Kontingent (Forslag: 125 kr. pr \u00e5r pr person, 150 kr. pr \u00e5r pr husstand)<\/p>\n<p>Ad 5) Efter forslag blev det vedtaget, at kontingentet for medlemskab af foreningen er: <strong>100,00 kr. pr. person og 175,00 kr. for \u00e6gtepar \/ samboende (begge med stemmeret)<\/strong><\/p>\n<p>6)\u00a0\u00a0\u00a0\u00a0 Evt.<\/p>\n<p>Ad 6) Der blev foresl\u00e5et:<\/p>\n<p>&#8211;\u00a0\u00a0\u00a0\u00a0\u00a0\u00a0\u00a0\u00a0 at den nytiltr\u00e5dte bestyrelse opretter en hjemmeside til den nystiftede forening. Kolding kommune tilbyder gratis skabelon for en hjemmeside,<\/p>\n<p>&#8211;\u00a0\u00a0\u00a0\u00a0\u00a0\u00a0\u00a0\u00a0 at man husker, at lave reklame for foreningen i bl.a. de lokale medier,<\/p>\n<p>&#8211;\u00a0\u00a0\u00a0\u00a0\u00a0\u00a0\u00a0\u00a0 at der bliver s\u00f8rget for hurtigst mulig at f\u00e5 lavet en ind\u00admeldelsesblanket til foreningen,<\/p>\n<p>&#8211;\u00a0\u00a0\u00a0\u00a0\u00a0\u00a0\u00a0\u00a0 at der hurtigt bliver etableret en bankkonto til indbetaling af kontingent,<\/p>\n<p>&#8211;\u00a0\u00a0\u00a0\u00a0\u00a0\u00a0\u00a0\u00a0 at bestyrelsen f\u00e5r hj\u00e6lp til at arkivere materialet, som foreningen modtager. Man kan sikkert f\u00e5 hj\u00e6lp ved Kolding Stadsarkiv<\/p>\n<p>&#8211;\u00a0\u00a0\u00a0\u00a0\u00a0\u00a0\u00a0\u00a0 Til sidst bekendtgjorde Gunnar Storm Thomsen, formand for LOKALHISTORISK FORENING FOR KOLDING OG OMEGN,<\/p>\n<p>at de gerne vil hj\u00e6lpe den\u00a0\u00a0nye\u00a0\u00a0forening i Seest &#8211; som partner.<\/p>\n<p>Referent: Niels Frahm<\/p>\n<p>__________________<\/p>\n<p>Underskrift<\/p>\n","protected":false},"excerpt":{"rendered":"<p>Seest Lokalhistoriske Forening.\u00a0Stiftet den 28. februar 2012. Ideen til en i lokalhistorisk forening i Seest tager sin begyndelse i 2009, hvor Arne Hansen Overholmg\u00e5rd i Seest, p\u00e5 opfordring af sognepr\u00e6st Kristina Nilsson ved Seest Kirke, skriver et indl\u00e6g til Seest Sogns Kirkeblad med titlen Plovfuren og jernbanen \u2013 en \u00e5dal med historie. I 2010 bliver [&hellip;]<\/p>\n","protected":false},"author":1,"featured_media":0,"parent":0,"menu_order":0,"comment_status":"closed","ping_status":"closed","template":"","meta":{"footnotes":""},"class_list":["post-551","page","type-page","status-publish","czr-hentry"],"_links":{"self":[{"href":"https:\/\/seestlokalhistoriskeforening.dk\/index.php?rest_route=\/wp\/v2\/pages\/551","targetHints":{"allow":["GET"]}}],"collection":[{"href":"https:\/\/seestlokalhistoriskeforening.dk\/index.php?rest_route=\/wp\/v2\/pages"}],"about":[{"href":"https:\/\/seestlokalhistoriskeforening.dk\/index.php?rest_route=\/wp\/v2\/types\/page"}],"author":[{"embeddable":true,"href":"https:\/\/seestlokalhistoriskeforening.dk\/index.php?rest_route=\/wp\/v2\/users\/1"}],"replies":[{"embeddable":true,"href":"https:\/\/seestlokalhistoriskeforening.dk\/index.php?rest_route=%2Fwp%2Fv2%2Fcomments&post=551"}],"version-history":[{"count":2,"href":"https:\/\/seestlokalhistoriskeforening.dk\/index.php?rest_route=\/wp\/v2\/pages\/551\/revisions"}],"predecessor-version":[{"id":1218,"href":"https:\/\/seestlokalhistoriskeforening.dk\/index.php?rest_route=\/wp\/v2\/pages\/551\/revisions\/1218"}],"wp:attachment":[{"href":"https:\/\/seestlokalhistoriskeforening.dk\/index.php?rest_route=%2Fwp%2Fv2%2Fmedia&parent=551"}],"curies":[{"name":"wp","href":"https:\/\/api.w.org\/{rel}","templated":true}]}}