{"id":526,"date":"2014-05-08T07:25:43","date_gmt":"2014-05-08T07:25:43","guid":{"rendered":"http:\/\/steeno.dk\/wp\/?page_id=526"},"modified":"2014-09-27T08:31:37","modified_gmt":"2014-09-27T08:31:37","slug":"2014-2","status":"publish","type":"page","link":"https:\/\/seestlokalhistoriskeforening.dk\/?page_id=526","title":{"rendered":"2013"},"content":{"rendered":"<p><strong>Lokalhistorisk tur i Hylkedalen, fortalt af Arne Hansen.<br \/>\n<\/strong><br \/>\nTuren gik ned i Hylkedalen med Ludvig Dall som guide igennem den smukke dal, en tur p\u00e5 ca. 3- 3,5 km.<br \/>\n<a href=\"https:\/\/seestlokalhistoriskeforening.dk\/wp-content\/uploads\/2014\/04\/Hylkedaltur.jpg\"><img loading=\"lazy\" decoding=\"async\" class=\"alignleft size-full wp-image-499\" src=\"https:\/\/seestlokalhistoriskeforening.dk\/wp-content\/uploads\/2014\/04\/Hylkedaltur.jpg\" alt=\"Hylkedaltur\" width=\"250\" height=\"187\" \/><\/a>Vi gik af den gamle kirkesti langs pr\u00e6steg\u00e5rdens mark ned til engen (ude fra Hylkedalsvej mod dalen). Der fulgte vi en sti i skellet mellem den t\u00e6tbevoksede skr\u00e5ning og engen. Vi s\u00e5, hvordan lodsejerne havde brugt tr\u00e6erne til at hegne med pigtr\u00e5d. L\u00e6ngere ude p\u00e5 turen i forl\u00e6ngelse af Holbergsvej nede i dalen, p\u00e5 en vej som vist blev kaldt Midtskovvej, s\u00e5 vi en gammel malkestald, der har tilh\u00f8rt Seestg\u00e5rd. Den brugte man, s\u00e5 k\u00f8erne kunne blive i engen hele sommeren. Landmanden k\u00f8rte med hest og vogn ned og malkede med h\u00e6nderne to gange i d\u00f8gnet. Hvilket arbejde!<br \/>\nVed b\u00e6kken i dalen s\u00e5 vi resterne af et st\u00f8bt stemmev\u00e6rk, der er blevet brugt til at overrisle engen. Der har v\u00e6ret flere af s\u00e5danne opstemninger i Hylkedalen.<br \/>\nVed skibakken og den nyanlagte klatrebane tog vi et hvil ved de nye b\u00e6nke og borde. Der har den nu nedrevne g\u00e5rd Peters Lyst ligget. Vi fulgte stien ned over dalen og \u00e5en, op mod Seest igen, hvor vi s\u00e5 Ludvigs udkigst\u00e5rn. Vi s\u00e5 ogs\u00e5 hans stort anlagte have med fisk i en lille s\u00f8 og hilste p\u00e5 Grethe og deres lille hund.<\/p>\n<p>Det var en fin aften.Tak til guiden Ludvig Dall.<\/p>\n<p>&nbsp;<\/p>\n<p>&nbsp;<\/p>\n<p><strong>2013<\/strong><\/p>\n<p>&nbsp;<\/p>\n<p>Foreningens f\u00f8rste arrangement var generalforsamlingen den 19. marts. L\u00e6s under generalforsamlinger.<\/p>\n<p>Den er her medtaget idet der, efter generalforsamlingen, var foredrag ved Gunnar Ebbesen med emnet &#8216;Kolding under bes\u00e6ttelsen&#8217;. Kaffe med br\u00f8d i pausen.<\/p>\n<p>&#8212;&#8212;&#8212;-<\/p>\n<p>&nbsp;<\/p>\n<p><strong>Staldg\u00e5rden<\/strong><\/p>\n<p>Den 2. april er var visning af filmen &#8220;Helvedets Forg\u00e5rd&#8221; p\u00e5 staldg\u00e5rden om gestappo p\u00e5 staldg\u00e5rden. Filmen er produceret af Jaenet Rostgaard Hansen. Efter filmen var der bes\u00f8g i den berygtede celle, hvor mange navne endnu kan ses, der blev indkradset i v\u00e6ggene af fangerne under opholdet. Indledningsvis fort\u00e6lles staldg\u00e5rdens historie.<\/p>\n<p>Godt 20 medlemmer var m\u00f8dt op.<\/p>\n<p>&nbsp;<\/p>\n<p>&#8212;&#8212;&#8212;-<\/p>\n<p>&nbsp;<\/p>\n<p><strong>Foredrag<\/strong><\/p>\n<p>Tirsdag den 30. april var der foredrag ved tidl. professor Holger Errebo Larsen, V\u00e6rl\u00f8se.<\/p>\n<p>Emnet var &#8216;Barndommens Land &#8211; Et tidsbillede&#8217;. Holger E. Larsens far var k\u00f8bmand i Seest fra 1906 &#8211; 1923, hvilket han bl. a. berettede om. Ligeledes berettede han om sin drengetid udg\u00e5ende fra Thorbjergvej og sin gang p\u00e5 g\u00e5rden Sorgenfri. I pausen serveredes der kaffe med br\u00f8d. 44 personer deltog i arrangementet. (Bilag 1.)<\/p>\n<p>&#8212;&#8212;&#8212;-<\/p>\n<p>&nbsp;<\/p>\n<p><strong>Tur i det fri<\/strong><\/p>\n<p>Under evt. ved generalforsamlingen den 19. marts, hvor foreningen bad medlemmerne om gode ideer til den kommende s\u00e6son, meldte Ludvig Dall sig som leder af en tur gennem den smukke &#8216;Hylkedalen&#8217;. Turen blev senere fastsat til den 20. aug. kl. 19.00 med udgangspunkt fra parkeringspladsen overfor Seest Kirke.<\/p>\n<p>( Bilag 2.)<\/p>\n<p>Ludvig Dall var guid for ca. 30 fremm\u00f8dte medlemmer til turen gennem Hylkedalen. Ludvig udviste stor kendskab til Hylkedalen. Arne Hansen har skrevet et indl\u00e6g til Kirkebladet om turen.<\/p>\n<p>Turen blev afsluttet med medbragt kaffe og br\u00f8d i Grethe og Ludvig Dall,s have.<\/p>\n<p>Arne Hansens indl\u00e6g til kirkebladet findes p\u00e5 arkivet.<\/p>\n<p>&#8212;&#8212;&#8212;-<\/p>\n<p>&nbsp;<\/p>\n<p><strong>Foredrag<\/strong><\/p>\n<p>Tirsdag den 22. okt. var der foredrag ved tidligere sognepr\u00e6st Holger Lissner. Emnet var &#8216;Da tipoldemor spillede fireh\u00e6ndig med fr. den 7&#8217;. Samtidig havde foreningen bes\u00f8g af Seestborger nr. 2000 Malene Wendtland samt moderen Heidl Wendtland S\u00f8rensen, begge bosiddende i Viborg. Foreningen havde via Ugeavisen, efterlyst borgeren under titlen &#8216;Hvor blev de af&#8217;?<\/p>\n<p>35 personer havde fundet vej til sognehuset denne aften. I kaffepausen havde Malene Wendtland lejlighed til at fort\u00e6lle om &#8216;hvor hun blev af&#8217;!<\/p>\n<p>&#8212;&#8212;&#8212;-<\/p>\n<p><strong>\u00a0<\/strong><\/p>\n<p><strong>Foredrag<\/strong><\/p>\n<p>Mandag den 11. nov. var der foredrag ved Lorenz Asmussen &#8211; Christiansfeldt. Emnet var: Dronning Ingrids liv fra barn til voksen.<\/p>\n<p>Lorenz Asmussen viste lysbilleder af de kongelige sidel\u00f8bende med foredraget. I pausen blev der serveret kaffe med br\u00f8d. Lorenz Asmussen bad alle tilstedev\u00e6rende rejse sig og \u00e6re den gamle dronning for det store arbejde hun udf\u00f8rte for landets befolkning. Sluttelig blev der sunget: I Danmark er jeg f\u00f8dt, der har jeg hjemme. Hvilket var dronningens yndlingssang. Lorenz Asmussen omtalte ligeledes de 57 Naziskoler Hitler havde oprettet i Sdr. Jylland.<\/p>\n<p>Foredraget havde trukket 26 medlemmer til sognehuset.<\/p>\n<p>&#8212;&#8212;&#8212;-<\/p>\n<p><strong>Aflyst<\/strong><\/p>\n<p>\u00c5rets sidste arrangement, var julem\u00f8det den 5. dec. der p.g.a. stormen &#8216;Bodil&#8217;, blev aflyst. Aftenens foredrag ved Heidl Wendtland S\u00f8rensen, bliver genoptaget i 2014.<\/p>\n<p>&nbsp;<\/p>\n<p>&nbsp;<\/p>\n","protected":false},"excerpt":{"rendered":"<p>Lokalhistorisk tur i Hylkedalen, fortalt af Arne Hansen. Turen gik ned i Hylkedalen med Ludvig Dall som guide igennem den smukke dal, en tur p\u00e5 ca. 3- 3,5 km. Vi gik af den gamle kirkesti langs pr\u00e6steg\u00e5rdens mark ned til engen (ude fra Hylkedalsvej mod dalen). Der fulgte vi en sti i skellet mellem den [&hellip;]<\/p>\n","protected":false},"author":1,"featured_media":0,"parent":0,"menu_order":0,"comment_status":"closed","ping_status":"closed","template":"","meta":{"footnotes":""},"class_list":["post-526","page","type-page","status-publish","czr-hentry"],"_links":{"self":[{"href":"https:\/\/seestlokalhistoriskeforening.dk\/index.php?rest_route=\/wp\/v2\/pages\/526","targetHints":{"allow":["GET"]}}],"collection":[{"href":"https:\/\/seestlokalhistoriskeforening.dk\/index.php?rest_route=\/wp\/v2\/pages"}],"about":[{"href":"https:\/\/seestlokalhistoriskeforening.dk\/index.php?rest_route=\/wp\/v2\/types\/page"}],"author":[{"embeddable":true,"href":"https:\/\/seestlokalhistoriskeforening.dk\/index.php?rest_route=\/wp\/v2\/users\/1"}],"replies":[{"embeddable":true,"href":"https:\/\/seestlokalhistoriskeforening.dk\/index.php?rest_route=%2Fwp%2Fv2%2Fcomments&post=526"}],"version-history":[{"count":4,"href":"https:\/\/seestlokalhistoriskeforening.dk\/index.php?rest_route=\/wp\/v2\/pages\/526\/revisions"}],"predecessor-version":[{"id":640,"href":"https:\/\/seestlokalhistoriskeforening.dk\/index.php?rest_route=\/wp\/v2\/pages\/526\/revisions\/640"}],"wp:attachment":[{"href":"https:\/\/seestlokalhistoriskeforening.dk\/index.php?rest_route=%2Fwp%2Fv2%2Fmedia&parent=526"}],"curies":[{"name":"wp","href":"https:\/\/api.w.org\/{rel}","templated":true}]}}