{"id":3173,"date":"2026-04-05T08:06:35","date_gmt":"2026-04-05T08:06:35","guid":{"rendered":"https:\/\/seestlokalhistoriskeforening.dk\/?page_id=3173"},"modified":"2026-04-05T08:17:46","modified_gmt":"2026-04-05T08:17:46","slug":"foredrag-27-april-2026","status":"publish","type":"page","link":"https:\/\/seestlokalhistoriskeforening.dk\/?page_id=3173","title":{"rendered":"Foredrag 27. april 2026"},"content":{"rendered":"<h3>Mandag den 27. april f\u00e5r vi igen bes\u00f8g af piloten John M\u00f8ller S\u00f8rensen, der denne gang vil fort\u00e6lle om sin tid som pilot i SAS, se og l\u00e6s venligst nedenst\u00e5ende PDF-fil, nr. 1 vores indbydelse, og nr. 2 John M\u00f8ller S\u00f8rensens omtale.<\/h3>\n<p>&nbsp;<\/p>\n<p style=\"text-align: center;\">Bem\u00e6rk venligst, det er PDF-filer der downloades!<\/p>\n<p style=\"text-align: center;\"><a href=\"https:\/\/seestlokalhistoriskeforening.dk\/wp-content\/uploads\/2026\/04\/SAS-pilot-side-1.pdf\"><span style=\"color: #0000ff;\">SAS-pilot<\/span> side 1<\/a><\/p>\n<p style=\"text-align: center;\"><a href=\"https:\/\/seestlokalhistoriskeforening.dk\/wp-content\/uploads\/2026\/04\/SAS-pilot-side-2.pdf\">SAS-pilot <span style=\"color: #0000ff;\">side<\/span> 2<\/a><\/p>\n<p style=\"text-align: center;\">\n","protected":false},"excerpt":{"rendered":"<p>Mandag den 27. april f\u00e5r vi igen bes\u00f8g af piloten John M\u00f8ller S\u00f8rensen, der denne gang vil fort\u00e6lle om sin tid som pilot i SAS, se og l\u00e6s venligst nedenst\u00e5ende PDF-fil, nr. 1 vores indbydelse, og nr. 2 John M\u00f8ller S\u00f8rensens omtale. &nbsp; Bem\u00e6rk venligst, det er PDF-filer der downloades! SAS-pilot side 1 SAS-pilot side [&hellip;]<\/p>\n","protected":false},"author":1,"featured_media":0,"parent":0,"menu_order":0,"comment_status":"closed","ping_status":"closed","template":"","meta":{"footnotes":""},"class_list":["post-3173","page","type-page","status-publish","czr-hentry"],"_links":{"self":[{"href":"https:\/\/seestlokalhistoriskeforening.dk\/index.php?rest_route=\/wp\/v2\/pages\/3173","targetHints":{"allow":["GET"]}}],"collection":[{"href":"https:\/\/seestlokalhistoriskeforening.dk\/index.php?rest_route=\/wp\/v2\/pages"}],"about":[{"href":"https:\/\/seestlokalhistoriskeforening.dk\/index.php?rest_route=\/wp\/v2\/types\/page"}],"author":[{"embeddable":true,"href":"https:\/\/seestlokalhistoriskeforening.dk\/index.php?rest_route=\/wp\/v2\/users\/1"}],"replies":[{"embeddable":true,"href":"https:\/\/seestlokalhistoriskeforening.dk\/index.php?rest_route=%2Fwp%2Fv2%2Fcomments&post=3173"}],"version-history":[{"count":3,"href":"https:\/\/seestlokalhistoriskeforening.dk\/index.php?rest_route=\/wp\/v2\/pages\/3173\/revisions"}],"predecessor-version":[{"id":3179,"href":"https:\/\/seestlokalhistoriskeforening.dk\/index.php?rest_route=\/wp\/v2\/pages\/3173\/revisions\/3179"}],"wp:attachment":[{"href":"https:\/\/seestlokalhistoriskeforening.dk\/index.php?rest_route=%2Fwp%2Fv2%2Fmedia&parent=3173"}],"curies":[{"name":"wp","href":"https:\/\/api.w.org\/{rel}","templated":true}]}}