{"id":3125,"date":"2026-02-09T14:50:06","date_gmt":"2026-02-09T14:50:06","guid":{"rendered":"https:\/\/seestlokalhistoriskeforening.dk\/?page_id=3125"},"modified":"2026-03-26T18:25:56","modified_gmt":"2026-03-26T18:25:56","slug":"generalforsamling-2026","status":"publish","type":"page","link":"https:\/\/seestlokalhistoriskeforening.dk\/?page_id=3125","title":{"rendered":"Generalforsamling 2026"},"content":{"rendered":"<p style=\"text-align: center;\">Bem\u00e6rk venligst, det er en PDF-fil der downloades:<\/p>\n<p style=\"text-align: center;\"><span style=\"color: #0000ff;\"><a style=\"color: #0000ff;\" href=\"https:\/\/seestlokalhistoriskeforening.dk\/wp-content\/uploads\/2026\/03\/Referat-fra-generalforsamlingen-den-160326.pdf\">Referat fra generalforsamlingen den 160326<\/a><\/span><\/p>\n<p>Referent: J\u00f8rgen Hansen<\/p>\n<p>Foto: Preben S\u00f8egaard<\/p>\n<p style=\"text-align: center;\"><span style=\"color: #0000ff;\"><a href=\"https:\/\/seestlokalhistoriskeforening.dk\/wp-content\/uploads\/2026\/03\/20260316_203110-scaled.jpg\"><img loading=\"lazy\" decoding=\"async\" class=\"alignleft wp-image-3166 size-thumbnail\" src=\"https:\/\/seestlokalhistoriskeforening.dk\/wp-content\/uploads\/2026\/03\/20260316_203110-200x133.jpg\" alt=\"\" width=\"200\" height=\"133\" \/><\/a><a href=\"https:\/\/seestlokalhistoriskeforening.dk\/wp-content\/uploads\/2026\/03\/20260316_203104-scaled.jpg\"><img loading=\"lazy\" decoding=\"async\" class=\"alignleft wp-image-3165 size-thumbnail\" src=\"https:\/\/seestlokalhistoriskeforening.dk\/wp-content\/uploads\/2026\/03\/20260316_203104-200x133.jpg\" alt=\"\" width=\"200\" height=\"133\" \/><\/a><a href=\"https:\/\/seestlokalhistoriskeforening.dk\/wp-content\/uploads\/2026\/03\/20260316_203059-scaled.jpg\"><img loading=\"lazy\" decoding=\"async\" class=\"alignleft wp-image-3164 size-thumbnail\" src=\"https:\/\/seestlokalhistoriskeforening.dk\/wp-content\/uploads\/2026\/03\/20260316_203059-200x133.jpg\" alt=\"\" width=\"200\" height=\"133\" \/><\/a><a href=\"https:\/\/seestlokalhistoriskeforening.dk\/wp-content\/uploads\/2026\/03\/20260316_195524-scaled.jpg\"><img loading=\"lazy\" decoding=\"async\" class=\"alignleft wp-image-3162 size-thumbnail\" src=\"https:\/\/seestlokalhistoriskeforening.dk\/wp-content\/uploads\/2026\/03\/20260316_195524-200x133.jpg\" alt=\"\" width=\"200\" height=\"133\" \/><\/a><a href=\"https:\/\/seestlokalhistoriskeforening.dk\/wp-content\/uploads\/2026\/03\/20260316_195453-scaled.jpg\"><img loading=\"lazy\" decoding=\"async\" class=\"alignleft wp-image-3161 size-thumbnail\" src=\"https:\/\/seestlokalhistoriskeforening.dk\/wp-content\/uploads\/2026\/03\/20260316_195453-200x133.jpg\" alt=\"\" width=\"200\" height=\"133\" \/><\/a><a href=\"https:\/\/seestlokalhistoriskeforening.dk\/wp-content\/uploads\/2026\/03\/20260316_195436-scaled.jpg\"><img loading=\"lazy\" decoding=\"async\" class=\"alignleft wp-image-3160 size-thumbnail\" src=\"https:\/\/seestlokalhistoriskeforening.dk\/wp-content\/uploads\/2026\/03\/20260316_195436-200x133.jpg\" alt=\"\" width=\"200\" height=\"133\" \/><\/a><a href=\"https:\/\/seestlokalhistoriskeforening.dk\/wp-content\/uploads\/2026\/03\/20260316_195403-scaled.jpg\"><img loading=\"lazy\" decoding=\"async\" class=\"alignleft wp-image-3159 size-thumbnail\" src=\"https:\/\/seestlokalhistoriskeforening.dk\/wp-content\/uploads\/2026\/03\/20260316_195403-200x133.jpg\" alt=\"\" width=\"200\" height=\"133\" \/><\/a><a href=\"https:\/\/seestlokalhistoriskeforening.dk\/wp-content\/uploads\/2026\/03\/20260316_195338-scaled.jpg\"><img loading=\"lazy\" decoding=\"async\" class=\"alignleft wp-image-3157 size-thumbnail\" src=\"https:\/\/seestlokalhistoriskeforening.dk\/wp-content\/uploads\/2026\/03\/20260316_195338-200x133.jpg\" alt=\"\" width=\"200\" height=\"133\" \/><\/a><a href=\"https:\/\/seestlokalhistoriskeforening.dk\/wp-content\/uploads\/2026\/03\/20260316_195335-scaled.jpg\"><img loading=\"lazy\" decoding=\"async\" class=\"wp-image-3156 size-thumbnail alignleft\" src=\"https:\/\/seestlokalhistoriskeforening.dk\/wp-content\/uploads\/2026\/03\/20260316_195335-200x133.jpg\" alt=\"\" width=\"200\" height=\"133\" \/><\/a><a href=\"https:\/\/seestlokalhistoriskeforening.dk\/wp-content\/uploads\/2026\/03\/20260316_195331-scaled.jpg\"><img loading=\"lazy\" decoding=\"async\" class=\"wp-image-3155 size-thumbnail alignleft\" src=\"https:\/\/seestlokalhistoriskeforening.dk\/wp-content\/uploads\/2026\/03\/20260316_195331-200x133.jpg\" alt=\"\" width=\"200\" height=\"133\" \/><\/a><\/span><\/p>\n<p>&nbsp;<\/p>\n","protected":false},"excerpt":{"rendered":"<p>Bem\u00e6rk venligst, det er en PDF-fil der downloades: Referat fra generalforsamlingen den 160326 Referent: J\u00f8rgen Hansen Foto: Preben S\u00f8egaard &nbsp;<\/p>\n","protected":false},"author":1,"featured_media":0,"parent":0,"menu_order":0,"comment_status":"closed","ping_status":"closed","template":"","meta":{"footnotes":""},"class_list":["post-3125","page","type-page","status-publish","czr-hentry"],"_links":{"self":[{"href":"https:\/\/seestlokalhistoriskeforening.dk\/index.php?rest_route=\/wp\/v2\/pages\/3125","targetHints":{"allow":["GET"]}}],"collection":[{"href":"https:\/\/seestlokalhistoriskeforening.dk\/index.php?rest_route=\/wp\/v2\/pages"}],"about":[{"href":"https:\/\/seestlokalhistoriskeforening.dk\/index.php?rest_route=\/wp\/v2\/types\/page"}],"author":[{"embeddable":true,"href":"https:\/\/seestlokalhistoriskeforening.dk\/index.php?rest_route=\/wp\/v2\/users\/1"}],"replies":[{"embeddable":true,"href":"https:\/\/seestlokalhistoriskeforening.dk\/index.php?rest_route=%2Fwp%2Fv2%2Fcomments&post=3125"}],"version-history":[{"count":9,"href":"https:\/\/seestlokalhistoriskeforening.dk\/index.php?rest_route=\/wp\/v2\/pages\/3125\/revisions"}],"predecessor-version":[{"id":3170,"href":"https:\/\/seestlokalhistoriskeforening.dk\/index.php?rest_route=\/wp\/v2\/pages\/3125\/revisions\/3170"}],"wp:attachment":[{"href":"https:\/\/seestlokalhistoriskeforening.dk\/index.php?rest_route=%2Fwp%2Fv2%2Fmedia&parent=3125"}],"curies":[{"name":"wp","href":"https:\/\/api.w.org\/{rel}","templated":true}]}}