{"id":3100,"date":"2026-01-12T14:00:42","date_gmt":"2026-01-12T14:00:42","guid":{"rendered":"https:\/\/seestlokalhistoriskeforening.dk\/?page_id=3100"},"modified":"2026-02-19T15:51:10","modified_gmt":"2026-02-19T15:51:10","slug":"foredrag-2-februar-2026","status":"publish","type":"page","link":"https:\/\/seestlokalhistoriskeforening.dk\/?page_id=3100","title":{"rendered":"Referat foredrag 2. februar 2026"},"content":{"rendered":"<h2>Foredrag 2. oktober 2026<\/h2>\n<h3>Rugens sange. Jeppe Aakj\u00e6rs tekster. Komponisten Karl Nielsens vidunderlige melodier. Vi er p\u00e5 toppen af den danske sangskat, det var udgangspunktet til foreningens f\u00f8rste arrangement i 2026 i Sognehuset.\u00a0 Efter formanden Preben S\u00f8egaards velkomst gav han ordet til aftenens g\u00e6st Lillian Hjorth-Westh fra Bornholm der fra starten, med sin bornholmske accent, tryllebandt de fremm\u00f8dte medlemmer og g\u00e6ster. Herefter blev flere af Jeppe Aakj\u00e6rs sange, sunget. Ole sad p\u00e5 en knold og sang, Jens Vejmand m.fl. akkompagneret p\u00e5 flyglet af Herdis Isaksen.<\/h3>\n<p>Referent: J\u00f8rgen Hansen<\/p>\n<p><a href=\"https:\/\/seestlokalhistoriskeforening.dk\/wp-content\/uploads\/2026\/02\/20260202_202116-scaled.jpg\"><img loading=\"lazy\" decoding=\"async\" class=\"alignnone wp-image-3146 size-thumbnail\" src=\"https:\/\/seestlokalhistoriskeforening.dk\/wp-content\/uploads\/2026\/02\/20260202_202116-200x133.jpg\" alt=\"\" width=\"200\" height=\"133\" \/><\/a> <a href=\"https:\/\/seestlokalhistoriskeforening.dk\/wp-content\/uploads\/2026\/02\/20260202_202054-scaled.jpg\"><img loading=\"lazy\" decoding=\"async\" class=\"alignnone wp-image-3145 size-thumbnail\" src=\"https:\/\/seestlokalhistoriskeforening.dk\/wp-content\/uploads\/2026\/02\/20260202_202054-200x133.jpg\" alt=\"\" width=\"200\" height=\"133\" \/><\/a> <a href=\"https:\/\/seestlokalhistoriskeforening.dk\/wp-content\/uploads\/2026\/02\/20260202_202048-scaled.jpg\"><img loading=\"lazy\" decoding=\"async\" class=\"alignnone wp-image-3144 size-thumbnail\" src=\"https:\/\/seestlokalhistoriskeforening.dk\/wp-content\/uploads\/2026\/02\/20260202_202048-200x133.jpg\" alt=\"\" width=\"200\" height=\"133\" \/><\/a> <a href=\"https:\/\/seestlokalhistoriskeforening.dk\/wp-content\/uploads\/2026\/02\/20260202_202037-scaled.jpg\"><img loading=\"lazy\" decoding=\"async\" class=\"alignnone wp-image-3143 size-thumbnail\" src=\"https:\/\/seestlokalhistoriskeforening.dk\/wp-content\/uploads\/2026\/02\/20260202_202037-200x133.jpg\" alt=\"\" width=\"200\" height=\"133\" \/><\/a><\/p>\n<p><a href=\"https:\/\/seestlokalhistoriskeforening.dk\/wp-content\/uploads\/2026\/02\/20260202_201759-scaled.jpg\"><img loading=\"lazy\" decoding=\"async\" class=\"alignnone wp-image-3142 size-thumbnail\" src=\"https:\/\/seestlokalhistoriskeforening.dk\/wp-content\/uploads\/2026\/02\/20260202_201759-200x133.jpg\" alt=\"\" width=\"200\" height=\"133\" \/><\/a> <a href=\"https:\/\/seestlokalhistoriskeforening.dk\/wp-content\/uploads\/2026\/02\/20260202_194608-scaled.jpg\"><img loading=\"lazy\" decoding=\"async\" class=\"alignnone wp-image-3141 size-thumbnail\" src=\"https:\/\/seestlokalhistoriskeforening.dk\/wp-content\/uploads\/2026\/02\/20260202_194608-200x133.jpg\" alt=\"\" width=\"200\" height=\"133\" \/><\/a> <a href=\"https:\/\/seestlokalhistoriskeforening.dk\/wp-content\/uploads\/2026\/02\/20260202_194603-scaled.jpg\"><img loading=\"lazy\" decoding=\"async\" class=\"alignnone wp-image-3140 size-thumbnail\" src=\"https:\/\/seestlokalhistoriskeforening.dk\/wp-content\/uploads\/2026\/02\/20260202_194603-200x133.jpg\" alt=\"\" width=\"200\" height=\"133\" \/><\/a> <a href=\"https:\/\/seestlokalhistoriskeforening.dk\/wp-content\/uploads\/2026\/02\/20260202_194559-scaled.jpg\"><img loading=\"lazy\" decoding=\"async\" class=\"alignnone wp-image-3139 size-thumbnail\" src=\"https:\/\/seestlokalhistoriskeforening.dk\/wp-content\/uploads\/2026\/02\/20260202_194559-200x133.jpg\" alt=\"\" width=\"200\" height=\"133\" \/><\/a><\/p>\n<p><a href=\"https:\/\/seestlokalhistoriskeforening.dk\/wp-content\/uploads\/2026\/02\/20260202_194549-scaled.jpg\"><img loading=\"lazy\" decoding=\"async\" class=\"alignnone wp-image-3138 size-thumbnail\" src=\"https:\/\/seestlokalhistoriskeforening.dk\/wp-content\/uploads\/2026\/02\/20260202_194549-200x133.jpg\" alt=\"\" width=\"200\" height=\"133\" \/><\/a> <a href=\"https:\/\/seestlokalhistoriskeforening.dk\/wp-content\/uploads\/2026\/02\/20260202_194535-scaled.jpg\"><img loading=\"lazy\" decoding=\"async\" class=\"alignnone wp-image-3137 size-thumbnail\" src=\"https:\/\/seestlokalhistoriskeforening.dk\/wp-content\/uploads\/2026\/02\/20260202_194535-200x133.jpg\" alt=\"\" width=\"200\" height=\"133\" \/><\/a> <a href=\"https:\/\/seestlokalhistoriskeforening.dk\/wp-content\/uploads\/2026\/02\/20260202_194530-scaled.jpg\"><img loading=\"lazy\" decoding=\"async\" class=\"alignnone wp-image-3136 size-thumbnail\" src=\"https:\/\/seestlokalhistoriskeforening.dk\/wp-content\/uploads\/2026\/02\/20260202_194530-200x133.jpg\" alt=\"\" width=\"200\" height=\"133\" \/><\/a> <a href=\"https:\/\/seestlokalhistoriskeforening.dk\/wp-content\/uploads\/2026\/02\/20260202_194520-scaled.jpg\"><img loading=\"lazy\" decoding=\"async\" class=\"alignnone wp-image-3135 size-thumbnail\" src=\"https:\/\/seestlokalhistoriskeforening.dk\/wp-content\/uploads\/2026\/02\/20260202_194520-200x133.jpg\" alt=\"\" width=\"200\" height=\"133\" \/><\/a><\/p>\n<p>Foto: Preben S\u00f8egaard<\/p>\n<p>&nbsp;<\/p>\n","protected":false},"excerpt":{"rendered":"<p>Foredrag 2. oktober 2026 Rugens sange. Jeppe Aakj\u00e6rs tekster. Komponisten Karl Nielsens vidunderlige melodier. Vi er p\u00e5 toppen af den danske sangskat, det var udgangspunktet til foreningens f\u00f8rste arrangement i 2026 i Sognehuset.\u00a0 Efter formanden Preben S\u00f8egaards velkomst gav han ordet til aftenens g\u00e6st Lillian Hjorth-Westh fra Bornholm der fra starten, med sin bornholmske accent, [&hellip;]<\/p>\n","protected":false},"author":1,"featured_media":0,"parent":0,"menu_order":0,"comment_status":"closed","ping_status":"closed","template":"","meta":{"footnotes":""},"class_list":["post-3100","page","type-page","status-publish","czr-hentry"],"_links":{"self":[{"href":"https:\/\/seestlokalhistoriskeforening.dk\/index.php?rest_route=\/wp\/v2\/pages\/3100","targetHints":{"allow":["GET"]}}],"collection":[{"href":"https:\/\/seestlokalhistoriskeforening.dk\/index.php?rest_route=\/wp\/v2\/pages"}],"about":[{"href":"https:\/\/seestlokalhistoriskeforening.dk\/index.php?rest_route=\/wp\/v2\/types\/page"}],"author":[{"embeddable":true,"href":"https:\/\/seestlokalhistoriskeforening.dk\/index.php?rest_route=\/wp\/v2\/users\/1"}],"replies":[{"embeddable":true,"href":"https:\/\/seestlokalhistoriskeforening.dk\/index.php?rest_route=%2Fwp%2Fv2%2Fcomments&post=3100"}],"version-history":[{"count":9,"href":"https:\/\/seestlokalhistoriskeforening.dk\/index.php?rest_route=\/wp\/v2\/pages\/3100\/revisions"}],"predecessor-version":[{"id":3150,"href":"https:\/\/seestlokalhistoriskeforening.dk\/index.php?rest_route=\/wp\/v2\/pages\/3100\/revisions\/3150"}],"wp:attachment":[{"href":"https:\/\/seestlokalhistoriskeforening.dk\/index.php?rest_route=%2Fwp%2Fv2%2Fmedia&parent=3100"}],"curies":[{"name":"wp","href":"https:\/\/api.w.org\/{rel}","templated":true}]}}