{"id":2926,"date":"2025-04-18T07:38:12","date_gmt":"2025-04-18T07:38:12","guid":{"rendered":"https:\/\/seestlokalhistoriskeforening.dk\/?page_id=2926"},"modified":"2025-05-18T09:56:15","modified_gmt":"2025-05-18T09:56:15","slug":"mc-tur-til-marokko-12-maj-2025","status":"publish","type":"page","link":"https:\/\/seestlokalhistoriskeforening.dk\/?page_id=2926","title":{"rendered":"MC tur til Marokko 12. maj 2025"},"content":{"rendered":"<h3 style=\"text-align: center;\">Referat fra Turen til Marokko i Kvarterhuset den 12. maj 2025<\/h3>\n<h4>Meget skulle g\u00f8res anderledes i forbindelse med skiftet fra Sognehuset til Kvarterhuset. Det var nyt, det var sp\u00e6ndende og det var \u2013 anderledes. Vi var sp\u00e6ndte og lidt nerv\u00f8se omkring, hvor mange af vore medlemmer ville f\u00f8lge med over i Kvarterhuset. Sp\u00e6ndingen og nerv\u00f8siteten blev hurtig gjort til skamme da pladserne p\u00e5 et \u00f8jeblik blev indtaget af s\u00e5vel medlemmer, som enkelte g\u00e6ster. ca. 50 i alt.<\/h4>\n<h4>Bestyrelsen havde allieret sig med pianisten J\u00f8rgen Juhl, der indledte aftenen med \u201dKom maj du s\u00f8de milde\u201d. Senere blev sangene \u201dDen bl\u00e5 anemone\u201d, \u201dJeg ved en l\u00e6rkerede\u201d, sunget. Aftenen sluttede af med sangen \u201dDu kom med alt det der var dig\u201d. Teksterne blev vist p\u00e5 sk\u00e6rmen, iscenesat af Preben S\u00f8egaard.<\/h4>\n<h4>Turen til Marokko var delt ligeligt mellem billeder og fort\u00e6lling ved Finn Damkj\u00e6r.<\/h4>\n<h4>Turen startede sidst i februar 2023 i Kolding i regnvejr og ca. 5 grader, med i alt 7 deltagere opsamlet ned gennem Europa. F\u00f8rste stop var Schwarmstedt i Tyskland svarende til 350 km. Herefter gik turen videre til Wachtberg og derfra til Metz i Frankrig. Herefter gik turen videre med f\u00e6rgen fra havnebyen S\u00e9te forbi Barcelona til Tanger i Marokko, en sejltur p\u00e5 ca. 40 timer.<\/h4>\n<h4>Herefter blev det vanskeligt at f\u00f8lge med i de mange fremragende billeder og marokkanske stednavne, da man havde fravalgt motorvejene. Kort fortalt gik turen over Atlasbjergene og ned til Sahara. Ofte en tur p\u00e5 700km. dagligt. P\u00e5 tilbagevejen gik turen forbi Agadir, der i 1960 blev ramt af et voldsomt jordsk\u00e6lv. Turen i Marokko sluttede, som begyndt, i Tanger. \u00a0Det skal lige n\u00e6vnes, at ved ankomsten til Tanger blev motorcyklernes stelnummer noteret p\u00e5 en meget lille seddel. Forliste man denne seddel var det s\u00e5 godt som udelukket at komme med f\u00e6rgen. Heldigvis havde alle syv deltagere orden i sagerne.<\/h4>\n<h4>Efter afgangen fra Marokko valgte nogen at k\u00f8re op gennem Spanien hele vejen hjem mens andre sejlede retur til S\u00e9te og derfra k\u00f8rte hjem. Finn Damkj\u00e6r omtalte Marokkanerne som fattige men venlige mennesker.<\/h4>\n<h4>Finn Damkj\u00e6r var en fortr\u00e6ffelig fort\u00e6ller og hans billedgalleri var flot og godt sammensat \u2013 en nydelse at se p\u00e5.<\/h4>\n<h4>Referent: J\u00f8rgen Hansen<\/h4>\n<h4>Foto: Preben S\u00f8egaard<\/h4>\n<p><a href=\"https:\/\/seestlokalhistoriskeforening.dk\/wp-content\/uploads\/2025\/04\/20250512_191235-2.jpg\"><img loading=\"lazy\" decoding=\"async\" class=\"alignleft size-thumbnail wp-image-2934\" src=\"https:\/\/seestlokalhistoriskeforening.dk\/wp-content\/uploads\/2025\/04\/20250512_191235-2-200x133.jpg\" alt=\"20250512_191235-2\" width=\"200\" height=\"133\" \/><\/a> <a href=\"https:\/\/seestlokalhistoriskeforening.dk\/wp-content\/uploads\/2025\/04\/20250512_191240.jpg\"><img loading=\"lazy\" decoding=\"async\" class=\"alignleft size-thumbnail wp-image-2935\" src=\"https:\/\/seestlokalhistoriskeforening.dk\/wp-content\/uploads\/2025\/04\/20250512_191240-200x133.jpg\" alt=\"20250512_191240\" width=\"200\" height=\"133\" \/><\/a> <a href=\"https:\/\/seestlokalhistoriskeforening.dk\/wp-content\/uploads\/2025\/04\/20250512_191259.jpg\"><img loading=\"lazy\" decoding=\"async\" class=\"alignleft size-thumbnail wp-image-2936\" src=\"https:\/\/seestlokalhistoriskeforening.dk\/wp-content\/uploads\/2025\/04\/20250512_191259-200x133.jpg\" alt=\"20250512_191259\" width=\"200\" height=\"133\" \/><\/a> <a href=\"https:\/\/seestlokalhistoriskeforening.dk\/wp-content\/uploads\/2025\/04\/20250512_191346.jpg\"><img loading=\"lazy\" decoding=\"async\" class=\"alignleft size-thumbnail wp-image-2937\" src=\"https:\/\/seestlokalhistoriskeforening.dk\/wp-content\/uploads\/2025\/04\/20250512_191346-200x133.jpg\" alt=\"20250512_191346\" width=\"200\" height=\"133\" \/><\/a> <a href=\"https:\/\/seestlokalhistoriskeforening.dk\/wp-content\/uploads\/2025\/04\/20250512_191349.jpg\"><img loading=\"lazy\" decoding=\"async\" class=\"alignleft size-thumbnail wp-image-2938\" src=\"https:\/\/seestlokalhistoriskeforening.dk\/wp-content\/uploads\/2025\/04\/20250512_191349-200x133.jpg\" alt=\"20250512_191349\" width=\"200\" height=\"133\" \/><\/a> <a href=\"https:\/\/seestlokalhistoriskeforening.dk\/wp-content\/uploads\/2025\/04\/20250512_191354.jpg\"><img loading=\"lazy\" decoding=\"async\" class=\"alignleft size-thumbnail wp-image-2939\" src=\"https:\/\/seestlokalhistoriskeforening.dk\/wp-content\/uploads\/2025\/04\/20250512_191354-200x133.jpg\" alt=\"20250512_191354\" width=\"200\" height=\"133\" \/><\/a> <a href=\"https:\/\/seestlokalhistoriskeforening.dk\/wp-content\/uploads\/2025\/04\/20250512_191359.jpg\"><img loading=\"lazy\" decoding=\"async\" class=\"alignleft size-thumbnail wp-image-2940\" src=\"https:\/\/seestlokalhistoriskeforening.dk\/wp-content\/uploads\/2025\/04\/20250512_191359-200x133.jpg\" alt=\"20250512_191359\" width=\"200\" height=\"133\" \/><\/a> <a href=\"https:\/\/seestlokalhistoriskeforening.dk\/wp-content\/uploads\/2025\/04\/20250512_201713.jpg\"><img loading=\"lazy\" decoding=\"async\" class=\"alignleft size-thumbnail wp-image-2941\" src=\"https:\/\/seestlokalhistoriskeforening.dk\/wp-content\/uploads\/2025\/04\/20250512_201713-200x133.jpg\" alt=\"20250512_201713\" width=\"200\" height=\"133\" \/><\/a> <a href=\"https:\/\/seestlokalhistoriskeforening.dk\/wp-content\/uploads\/2025\/04\/20250512_201730.jpg\"><img loading=\"lazy\" decoding=\"async\" class=\"alignleft size-thumbnail wp-image-2942\" src=\"https:\/\/seestlokalhistoriskeforening.dk\/wp-content\/uploads\/2025\/04\/20250512_201730-200x133.jpg\" alt=\"20250512_201730\" width=\"200\" height=\"133\" \/><\/a> <a href=\"https:\/\/seestlokalhistoriskeforening.dk\/wp-content\/uploads\/2025\/04\/20250512_201742.jpg\"><img loading=\"lazy\" decoding=\"async\" class=\"alignleft size-thumbnail wp-image-2943\" src=\"https:\/\/seestlokalhistoriskeforening.dk\/wp-content\/uploads\/2025\/04\/20250512_201742-200x133.jpg\" alt=\"20250512_201742\" width=\"200\" height=\"133\" \/><\/a> <a href=\"https:\/\/seestlokalhistoriskeforening.dk\/wp-content\/uploads\/2025\/04\/20250512_201826.jpg\"><img loading=\"lazy\" decoding=\"async\" class=\"alignleft size-thumbnail wp-image-2944\" src=\"https:\/\/seestlokalhistoriskeforening.dk\/wp-content\/uploads\/2025\/04\/20250512_201826-200x133.jpg\" alt=\"20250512_201826\" width=\"200\" height=\"133\" \/><\/a> <a href=\"https:\/\/seestlokalhistoriskeforening.dk\/wp-content\/uploads\/2025\/04\/20250512_203113.jpg\"><img loading=\"lazy\" decoding=\"async\" class=\"alignleft size-thumbnail wp-image-2945\" src=\"https:\/\/seestlokalhistoriskeforening.dk\/wp-content\/uploads\/2025\/04\/20250512_203113-200x133.jpg\" alt=\"20250512_203113\" width=\"200\" height=\"133\" \/><\/a> <a href=\"https:\/\/seestlokalhistoriskeforening.dk\/wp-content\/uploads\/2025\/04\/20250512_203305.jpg\"><img loading=\"lazy\" decoding=\"async\" class=\"alignleft size-thumbnail wp-image-2946\" src=\"https:\/\/seestlokalhistoriskeforening.dk\/wp-content\/uploads\/2025\/04\/20250512_203305-200x133.jpg\" alt=\"20250512_203305\" width=\"200\" height=\"133\" \/><\/a> <a href=\"https:\/\/seestlokalhistoriskeforening.dk\/wp-content\/uploads\/2025\/04\/20250512_203541.jpg\"><img loading=\"lazy\" decoding=\"async\" class=\"alignleft size-thumbnail wp-image-2947\" src=\"https:\/\/seestlokalhistoriskeforening.dk\/wp-content\/uploads\/2025\/04\/20250512_203541-200x133.jpg\" alt=\"20250512_203541\" width=\"200\" height=\"133\" \/><\/a> <a href=\"https:\/\/seestlokalhistoriskeforening.dk\/wp-content\/uploads\/2025\/04\/20250512_203641.jpg\"><img loading=\"lazy\" decoding=\"async\" class=\"alignleft size-thumbnail wp-image-2948\" src=\"https:\/\/seestlokalhistoriskeforening.dk\/wp-content\/uploads\/2025\/04\/20250512_203641-200x133.jpg\" alt=\"20250512_203641\" width=\"200\" height=\"133\" \/><\/a> <a href=\"https:\/\/seestlokalhistoriskeforening.dk\/wp-content\/uploads\/2025\/04\/20250512_203820.jpg\"><img loading=\"lazy\" decoding=\"async\" class=\"alignleft size-thumbnail wp-image-2949\" src=\"https:\/\/seestlokalhistoriskeforening.dk\/wp-content\/uploads\/2025\/04\/20250512_203820-200x133.jpg\" alt=\"20250512_203820\" width=\"200\" height=\"133\" \/><\/a> <a href=\"https:\/\/seestlokalhistoriskeforening.dk\/wp-content\/uploads\/2025\/04\/20250512_204111.jpg\"><img loading=\"lazy\" decoding=\"async\" class=\"alignleft size-thumbnail wp-image-2950\" src=\"https:\/\/seestlokalhistoriskeforening.dk\/wp-content\/uploads\/2025\/04\/20250512_204111-200x133.jpg\" alt=\"20250512_204111\" width=\"200\" height=\"133\" \/><\/a> <a href=\"https:\/\/seestlokalhistoriskeforening.dk\/wp-content\/uploads\/2025\/04\/20250512_205053.jpg\"><img loading=\"lazy\" decoding=\"async\" class=\"alignleft size-thumbnail wp-image-2951\" src=\"https:\/\/seestlokalhistoriskeforening.dk\/wp-content\/uploads\/2025\/04\/20250512_205053-200x133.jpg\" alt=\"20250512_205053\" width=\"200\" height=\"133\" \/><\/a> <a href=\"https:\/\/seestlokalhistoriskeforening.dk\/wp-content\/uploads\/2025\/04\/20250512_205404-2.jpg\"><img loading=\"lazy\" decoding=\"async\" class=\"alignleft size-thumbnail wp-image-2952\" src=\"https:\/\/seestlokalhistoriskeforening.dk\/wp-content\/uploads\/2025\/04\/20250512_205404-2-200x133.jpg\" alt=\"20250512_205404-2\" width=\"200\" height=\"133\" \/><\/a><\/p>\n<p>&nbsp;<\/p>\n<p>&nbsp;<\/p>\n","protected":false},"excerpt":{"rendered":"<p>Referat fra Turen til Marokko i Kvarterhuset den 12. maj 2025 Meget skulle g\u00f8res anderledes i forbindelse med skiftet fra Sognehuset til Kvarterhuset. Det var nyt, det var sp\u00e6ndende og det var \u2013 anderledes. Vi var sp\u00e6ndte og lidt nerv\u00f8se omkring, hvor mange af vore medlemmer ville f\u00f8lge med over i Kvarterhuset. Sp\u00e6ndingen og nerv\u00f8siteten [&hellip;]<\/p>\n","protected":false},"author":1,"featured_media":0,"parent":0,"menu_order":0,"comment_status":"closed","ping_status":"closed","template":"","meta":{"footnotes":""},"class_list":["post-2926","page","type-page","status-publish","czr-hentry"],"_links":{"self":[{"href":"https:\/\/seestlokalhistoriskeforening.dk\/index.php?rest_route=\/wp\/v2\/pages\/2926","targetHints":{"allow":["GET"]}}],"collection":[{"href":"https:\/\/seestlokalhistoriskeforening.dk\/index.php?rest_route=\/wp\/v2\/pages"}],"about":[{"href":"https:\/\/seestlokalhistoriskeforening.dk\/index.php?rest_route=\/wp\/v2\/types\/page"}],"author":[{"embeddable":true,"href":"https:\/\/seestlokalhistoriskeforening.dk\/index.php?rest_route=\/wp\/v2\/users\/1"}],"replies":[{"embeddable":true,"href":"https:\/\/seestlokalhistoriskeforening.dk\/index.php?rest_route=%2Fwp%2Fv2%2Fcomments&post=2926"}],"version-history":[{"count":5,"href":"https:\/\/seestlokalhistoriskeforening.dk\/index.php?rest_route=\/wp\/v2\/pages\/2926\/revisions"}],"predecessor-version":[{"id":2953,"href":"https:\/\/seestlokalhistoriskeforening.dk\/index.php?rest_route=\/wp\/v2\/pages\/2926\/revisions\/2953"}],"wp:attachment":[{"href":"https:\/\/seestlokalhistoriskeforening.dk\/index.php?rest_route=%2Fwp%2Fv2%2Fmedia&parent=2926"}],"curies":[{"name":"wp","href":"https:\/\/api.w.org\/{rel}","templated":true}]}}