{"id":2792,"date":"2024-07-11T17:30:10","date_gmt":"2024-07-11T17:30:10","guid":{"rendered":"https:\/\/seestlokalhistoriskeforening.dk\/?page_id=2792"},"modified":"2024-08-07T17:59:38","modified_gmt":"2024-08-07T17:59:38","slug":"grill-og-hygge-2-august2024","status":"publish","type":"page","link":"https:\/\/seestlokalhistoriskeforening.dk\/?page_id=2792","title":{"rendered":"Grill og Hygge 2.august2024"},"content":{"rendered":"<h2 style=\"text-align: center;\"><em>Sommergrill hos Grethe og Ludvig<\/em><\/h2>\n<h4 style=\"text-align: center;\">Fredag den 2. august 2024<\/h4>\n<h4>Let overskyet, temperaturen 22 grader og en blomstrende have som baggrund, dannede rammen om en utrolig dejlig eftermiddag hos Grethe og Ludvig. Som altid var alt tilrettelagt i mindste detalje i den store have, der omkransede den bl\u00e5 swimmingpool.<\/h4>\n<h4>I sin velkomstale m\u00e5tte J\u00f8rgen Hansen desv\u00e6rre g\u00f8re de fremm\u00f8dte medlemmer og g\u00e6ster opm\u00e6rksom p\u00e5, at \u00e5ret ud var sognehuset lukket for udlejning og som f\u00f8lge heraf ville de efterf\u00f8lgende arrangementer foreg\u00e5 p\u00e5 KUC i \u00c5gade. Oplysningen herom kom dog ikke til at \u00f8del\u00e6gge den gode stemning, der hurtig indfandt sig. Snart blev kaffekopperne sat p\u00e5 bordet, de hjemmebagte kager afd\u00e6kket og stemmerne fik frit l\u00f8b.<\/h4>\n<h4>Efter kaffen lavede Ludvig en havevandring, hvor han bl.a. fortalte om de mange forskellige fugle der bes\u00f8gte havens tr\u00e6er. Og som vi kender ham og hans lune smil, varede det ikke l\u00e6nge inden det ventede kom: \u201dnu skal I bare se! Nej, nu skal I bare se! Og s\u00e5dan blev det ved under hele turen.<\/h4>\n<h4>Efter den interessante tur rundt i haven blev der t\u00e6ndt for grillen. Nok engang blev stemmer sluppet fri. Der var pr\u00e6mie til den der f\u00f8rst sprang i poolen, den kom dog ikke til udlevering.<\/h4>\n<h4>Det blev en uforglemmelig eftermiddag, hvor klapsalverne tilkendegav den\u00a0 \u00a0g\u00e6stfrihed som J\u00f8rgen Hansen sluttelig udtrykte overfor Grethe og Ludvig.<\/h4>\n<h4>Referat: J\u00f8rgen Hansen<\/h4>\n<h4>Foto: Anette Astrup og Preben S\u00f8egaard<\/h4>\n<p><a href=\"https:\/\/seestlokalhistoriskeforening.dk\/wp-content\/uploads\/2024\/07\/20240802_154658.jpg\"><img loading=\"lazy\" decoding=\"async\" class=\"alignleft size-thumbnail wp-image-2805\" src=\"https:\/\/seestlokalhistoriskeforening.dk\/wp-content\/uploads\/2024\/07\/20240802_154658-200x133.jpg\" alt=\"20240802_154658\" width=\"200\" height=\"133\" \/><\/a><a href=\"https:\/\/seestlokalhistoriskeforening.dk\/wp-content\/uploads\/2024\/07\/image3.jpeg\"><img loading=\"lazy\" decoding=\"async\" class=\"alignleft size-thumbnail wp-image-2814\" src=\"https:\/\/seestlokalhistoriskeforening.dk\/wp-content\/uploads\/2024\/07\/image3-200x133.jpeg\" alt=\"image3\" width=\"200\" height=\"133\" \/><\/a><a href=\"https:\/\/seestlokalhistoriskeforening.dk\/wp-content\/uploads\/2024\/07\/20240802_154638.jpg\"><img loading=\"lazy\" decoding=\"async\" class=\"alignleft size-thumbnail wp-image-2804\" src=\"https:\/\/seestlokalhistoriskeforening.dk\/wp-content\/uploads\/2024\/07\/20240802_154638-200x133.jpg\" alt=\"20240802_154638\" width=\"200\" height=\"133\" \/><\/a><a href=\"https:\/\/seestlokalhistoriskeforening.dk\/wp-content\/uploads\/2024\/07\/20240802_154558.jpg\"><img loading=\"lazy\" decoding=\"async\" class=\"alignleft size-thumbnail wp-image-2801\" src=\"https:\/\/seestlokalhistoriskeforening.dk\/wp-content\/uploads\/2024\/07\/20240802_154558-200x133.jpg\" alt=\"20240802_154558\" width=\"200\" height=\"133\" \/><\/a><a href=\"https:\/\/seestlokalhistoriskeforening.dk\/wp-content\/uploads\/2024\/07\/20240802_154638.jpg\"><img loading=\"lazy\" decoding=\"async\" class=\"alignleft size-thumbnail wp-image-2804\" src=\"https:\/\/seestlokalhistoriskeforening.dk\/wp-content\/uploads\/2024\/07\/20240802_154638-200x133.jpg\" alt=\"20240802_154638\" width=\"200\" height=\"133\" \/><\/a><a href=\"https:\/\/seestlokalhistoriskeforening.dk\/wp-content\/uploads\/2024\/07\/20240802_154540.jpg\"><img loading=\"lazy\" decoding=\"async\" class=\"alignleft size-thumbnail wp-image-2800\" src=\"https:\/\/seestlokalhistoriskeforening.dk\/wp-content\/uploads\/2024\/07\/20240802_154540-200x133.jpg\" alt=\"20240802_154540\" width=\"200\" height=\"133\" \/><\/a><a href=\"https:\/\/seestlokalhistoriskeforening.dk\/wp-content\/uploads\/2024\/07\/20240802_154531.jpg\"><img loading=\"lazy\" decoding=\"async\" class=\"alignleft size-thumbnail wp-image-2799\" src=\"https:\/\/seestlokalhistoriskeforening.dk\/wp-content\/uploads\/2024\/07\/20240802_154531-200x133.jpg\" alt=\"20240802_154531\" width=\"200\" height=\"133\" \/><\/a><a href=\"https:\/\/seestlokalhistoriskeforening.dk\/wp-content\/uploads\/2024\/07\/20240802_160026.jpg\"><img loading=\"lazy\" decoding=\"async\" class=\"alignleft size-thumbnail wp-image-2806\" src=\"https:\/\/seestlokalhistoriskeforening.dk\/wp-content\/uploads\/2024\/07\/20240802_160026-200x133.jpg\" alt=\"20240802_160026\" width=\"200\" height=\"133\" \/><\/a> <a href=\"https:\/\/seestlokalhistoriskeforening.dk\/wp-content\/uploads\/2024\/07\/20240802_160045.jpg\"><img loading=\"lazy\" decoding=\"async\" class=\"alignleft size-thumbnail wp-image-2807\" src=\"https:\/\/seestlokalhistoriskeforening.dk\/wp-content\/uploads\/2024\/07\/20240802_160045-200x133.jpg\" alt=\"20240802_160045\" width=\"200\" height=\"133\" \/><\/a><a href=\"https:\/\/seestlokalhistoriskeforening.dk\/wp-content\/uploads\/2024\/07\/image7.jpeg\"><img loading=\"lazy\" decoding=\"async\" class=\"alignleft size-thumbnail wp-image-2818\" src=\"https:\/\/seestlokalhistoriskeforening.dk\/wp-content\/uploads\/2024\/07\/image7-200x133.jpeg\" alt=\"image7\" width=\"200\" height=\"133\" \/><\/a><a href=\"https:\/\/seestlokalhistoriskeforening.dk\/wp-content\/uploads\/2024\/07\/image6.jpeg\"><img loading=\"lazy\" decoding=\"async\" class=\"alignleft size-thumbnail wp-image-2817\" src=\"https:\/\/seestlokalhistoriskeforening.dk\/wp-content\/uploads\/2024\/07\/image6-200x133.jpeg\" alt=\"image6\" width=\"200\" height=\"133\" \/><\/a><a href=\"https:\/\/seestlokalhistoriskeforening.dk\/wp-content\/uploads\/2024\/07\/image4.jpeg\"><img loading=\"lazy\" decoding=\"async\" class=\"alignleft size-thumbnail wp-image-2815\" src=\"https:\/\/seestlokalhistoriskeforening.dk\/wp-content\/uploads\/2024\/07\/image4-200x133.jpeg\" alt=\"image4\" width=\"200\" height=\"133\" \/><\/a><a href=\"https:\/\/seestlokalhistoriskeforening.dk\/wp-content\/uploads\/2024\/07\/image5.jpeg\"><img loading=\"lazy\" decoding=\"async\" class=\"alignleft size-thumbnail wp-image-2816\" src=\"https:\/\/seestlokalhistoriskeforening.dk\/wp-content\/uploads\/2024\/07\/image5-200x133.jpeg\" alt=\"image5\" width=\"200\" height=\"133\" \/><\/a><a href=\"https:\/\/seestlokalhistoriskeforening.dk\/wp-content\/uploads\/2024\/07\/20240802_154627.jpg\"><img loading=\"lazy\" decoding=\"async\" class=\"alignleft size-thumbnail wp-image-2803\" src=\"https:\/\/seestlokalhistoriskeforening.dk\/wp-content\/uploads\/2024\/07\/20240802_154627-200x133.jpg\" alt=\"20240802_154627\" width=\"200\" height=\"133\" \/><\/a><\/p>\n","protected":false},"excerpt":{"rendered":"<p>Sommergrill hos Grethe og Ludvig Fredag den 2. august 2024 Let overskyet, temperaturen 22 grader og en blomstrende have som baggrund, dannede rammen om en utrolig dejlig eftermiddag hos Grethe og Ludvig. Som altid var alt tilrettelagt i mindste detalje i den store have, der omkransede den bl\u00e5 swimmingpool. I sin velkomstale m\u00e5tte J\u00f8rgen Hansen [&hellip;]<\/p>\n","protected":false},"author":1,"featured_media":0,"parent":0,"menu_order":0,"comment_status":"closed","ping_status":"closed","template":"","meta":{"footnotes":""},"class_list":["post-2792","page","type-page","status-publish","czr-hentry"],"_links":{"self":[{"href":"https:\/\/seestlokalhistoriskeforening.dk\/index.php?rest_route=\/wp\/v2\/pages\/2792","targetHints":{"allow":["GET"]}}],"collection":[{"href":"https:\/\/seestlokalhistoriskeforening.dk\/index.php?rest_route=\/wp\/v2\/pages"}],"about":[{"href":"https:\/\/seestlokalhistoriskeforening.dk\/index.php?rest_route=\/wp\/v2\/types\/page"}],"author":[{"embeddable":true,"href":"https:\/\/seestlokalhistoriskeforening.dk\/index.php?rest_route=\/wp\/v2\/users\/1"}],"replies":[{"embeddable":true,"href":"https:\/\/seestlokalhistoriskeforening.dk\/index.php?rest_route=%2Fwp%2Fv2%2Fcomments&post=2792"}],"version-history":[{"count":12,"href":"https:\/\/seestlokalhistoriskeforening.dk\/index.php?rest_route=\/wp\/v2\/pages\/2792\/revisions"}],"predecessor-version":[{"id":2825,"href":"https:\/\/seestlokalhistoriskeforening.dk\/index.php?rest_route=\/wp\/v2\/pages\/2792\/revisions\/2825"}],"wp:attachment":[{"href":"https:\/\/seestlokalhistoriskeforening.dk\/index.php?rest_route=%2Fwp%2Fv2%2Fmedia&parent=2792"}],"curies":[{"name":"wp","href":"https:\/\/api.w.org\/{rel}","templated":true}]}}