{"id":2502,"date":"2023-04-04T13:59:51","date_gmt":"2023-04-04T13:59:51","guid":{"rendered":"https:\/\/seestlokalhistoriskeforening.dk\/?page_id=2502"},"modified":"2023-04-04T14:33:02","modified_gmt":"2023-04-04T14:33:02","slug":"harmonikabanditterne-20-2-2023","status":"publish","type":"page","link":"https:\/\/seestlokalhistoriskeforening.dk\/?page_id=2502","title":{"rendered":"Harmonikabanditterne 20.2.2023"},"content":{"rendered":"<h4 style=\"text-align: center;\">Mandag den 20. februar 2023.<\/h4>\n<p>Der var god opbakning fra medlemmerne til en underholdende aften med Harmonikabanditterne, mange af de gode gamle kendinge blev spillet, og der blev sunget med p\u00e5 mange af dem, selv en &#8220;kopi&#8221; af Hansi Hinterseer kom p\u00e5 scenen.<\/p>\n<p>I pausen blev der serveret hjemmelavet \u00e6blekage og kaffe\/the.<\/p>\n<p>Vi takker for et godt fremm\u00f8de.<\/p>\n<p><a href=\"https:\/\/seestlokalhistoriskeforening.dk\/wp-content\/uploads\/2023\/04\/20230220_190841.jpg\"><img loading=\"lazy\" decoding=\"async\" class=\"alignleft size-thumbnail wp-image-2524\" src=\"https:\/\/seestlokalhistoriskeforening.dk\/wp-content\/uploads\/2023\/04\/20230220_190841-200x133.jpg\" alt=\"20230220_190841\" width=\"200\" height=\"133\" \/><\/a> <a href=\"https:\/\/seestlokalhistoriskeforening.dk\/wp-content\/uploads\/2023\/04\/20230220_190855.jpg\"><img loading=\"lazy\" decoding=\"async\" class=\"alignleft size-thumbnail wp-image-2525\" src=\"https:\/\/seestlokalhistoriskeforening.dk\/wp-content\/uploads\/2023\/04\/20230220_190855-200x133.jpg\" alt=\"20230220_190855\" width=\"200\" height=\"133\" \/><\/a> <a href=\"https:\/\/seestlokalhistoriskeforening.dk\/wp-content\/uploads\/2023\/04\/20230220_190911.jpg\"><img loading=\"lazy\" decoding=\"async\" class=\"alignleft size-thumbnail wp-image-2526\" src=\"https:\/\/seestlokalhistoriskeforening.dk\/wp-content\/uploads\/2023\/04\/20230220_190911-200x133.jpg\" alt=\"20230220_190911\" width=\"200\" height=\"133\" \/><\/a> <a href=\"https:\/\/seestlokalhistoriskeforening.dk\/wp-content\/uploads\/2023\/04\/20230220_190916.jpg\"><img loading=\"lazy\" decoding=\"async\" class=\"alignleft size-thumbnail wp-image-2527\" src=\"https:\/\/seestlokalhistoriskeforening.dk\/wp-content\/uploads\/2023\/04\/20230220_190916-200x133.jpg\" alt=\"20230220_190916\" width=\"200\" height=\"133\" \/><\/a> <a href=\"https:\/\/seestlokalhistoriskeforening.dk\/wp-content\/uploads\/2023\/04\/20230220_190930.jpg\"><img loading=\"lazy\" decoding=\"async\" class=\"alignleft size-thumbnail wp-image-2528\" src=\"https:\/\/seestlokalhistoriskeforening.dk\/wp-content\/uploads\/2023\/04\/20230220_190930-200x133.jpg\" alt=\"20230220_190930\" width=\"200\" height=\"133\" \/><\/a> <a href=\"https:\/\/seestlokalhistoriskeforening.dk\/wp-content\/uploads\/2023\/04\/20230220_190937.jpg\"><img loading=\"lazy\" decoding=\"async\" class=\"alignleft size-thumbnail wp-image-2529\" src=\"https:\/\/seestlokalhistoriskeforening.dk\/wp-content\/uploads\/2023\/04\/20230220_190937-200x133.jpg\" alt=\"20230220_190937\" width=\"200\" height=\"133\" \/><\/a> <a href=\"https:\/\/seestlokalhistoriskeforening.dk\/wp-content\/uploads\/2023\/04\/20230220_193545.jpg\"><img loading=\"lazy\" decoding=\"async\" class=\"alignleft size-thumbnail wp-image-2530\" src=\"https:\/\/seestlokalhistoriskeforening.dk\/wp-content\/uploads\/2023\/04\/20230220_193545-200x133.jpg\" alt=\"20230220_193545\" width=\"200\" height=\"133\" \/><\/a><\/p>\n","protected":false},"excerpt":{"rendered":"<p>Mandag den 20. februar 2023. Der var god opbakning fra medlemmerne til en underholdende aften med Harmonikabanditterne, mange af de gode gamle kendinge blev spillet, og der blev sunget med p\u00e5 mange af dem, selv en &#8220;kopi&#8221; af Hansi Hinterseer kom p\u00e5 scenen. I pausen blev der serveret hjemmelavet \u00e6blekage og kaffe\/the. Vi takker for [&hellip;]<\/p>\n","protected":false},"author":1,"featured_media":0,"parent":0,"menu_order":0,"comment_status":"closed","ping_status":"closed","template":"","meta":{"footnotes":""},"class_list":["post-2502","page","type-page","status-publish","czr-hentry"],"_links":{"self":[{"href":"https:\/\/seestlokalhistoriskeforening.dk\/index.php?rest_route=\/wp\/v2\/pages\/2502","targetHints":{"allow":["GET"]}}],"collection":[{"href":"https:\/\/seestlokalhistoriskeforening.dk\/index.php?rest_route=\/wp\/v2\/pages"}],"about":[{"href":"https:\/\/seestlokalhistoriskeforening.dk\/index.php?rest_route=\/wp\/v2\/types\/page"}],"author":[{"embeddable":true,"href":"https:\/\/seestlokalhistoriskeforening.dk\/index.php?rest_route=\/wp\/v2\/users\/1"}],"replies":[{"embeddable":true,"href":"https:\/\/seestlokalhistoriskeforening.dk\/index.php?rest_route=%2Fwp%2Fv2%2Fcomments&post=2502"}],"version-history":[{"count":3,"href":"https:\/\/seestlokalhistoriskeforening.dk\/index.php?rest_route=\/wp\/v2\/pages\/2502\/revisions"}],"predecessor-version":[{"id":2531,"href":"https:\/\/seestlokalhistoriskeforening.dk\/index.php?rest_route=\/wp\/v2\/pages\/2502\/revisions\/2531"}],"wp:attachment":[{"href":"https:\/\/seestlokalhistoriskeforening.dk\/index.php?rest_route=%2Fwp%2Fv2%2Fmedia&parent=2502"}],"curies":[{"name":"wp","href":"https:\/\/api.w.org\/{rel}","templated":true}]}}