{"id":2395,"date":"2022-08-17T17:54:54","date_gmt":"2022-08-17T17:54:54","guid":{"rendered":"https:\/\/seestlokalhistoriskeforening.dk\/?page_id=2395"},"modified":"2022-09-11T16:08:53","modified_gmt":"2022-09-11T16:08:53","slug":"foredrag-5-september-2022","status":"publish","type":"page","link":"https:\/\/seestlokalhistoriskeforening.dk\/?page_id=2395","title":{"rendered":"Foredrag 5. september 2022 &#8211; NY"},"content":{"rendered":"<h4 style=\"text-align: left;\">Referat fra foredraget omkring udgravningerne ved Tankedalsvej, der blev afholdt i sognehuset den 5. sept. En beretning om de ark\u00e6ologiske, udgravninger ved Tankedalsvej, der fandt sted fra 2011 til 2015 og som blev genoptaget i 2021, i forbindelse med byggeriet af Vision Parks nye logistikcenter, af museum S\u00f8nderjylland. Foreningen havde, p\u00e5 opfordring af Per Thornberg, inviteret ark\u00e6ologerne Janne Flensborg og Casper Marienlund, begge museum S\u00f8nderjylland, til at berette om de seneste resultater fra udgravningerne.\u00a0 S\u00e6dvanen tro indledtes aftenen med sang og musik ved Knud S\u00f8rensen. I alt tre sange, der relaterede til foredragene. Der indledtes med \u201dSom dybest br\u00f8nd.\u201d\u00a0Janne Flensborg havde valgt titlen til sit foredraget \u201dFra vugge til krukke\u201d, hvor hun indledte med at fort\u00e6lle om det store omr\u00e5de, der er delt op i tre omr\u00e5der, udgravningerne d\u00e6kker. St\u00f8rre end forventet.\u00a0Under udgravningerne blev der bl.a. fundet flere urnekrukker. Ligeledes blev der fundet spor fra huse tilbage til sten- og bronzealderen. Sin unge alder til trods, og et godt PowerPoint program, kom hun godt fra land.\u00a0Anden halvdel blev indledt med sangen \u201dDet lysner over felt.\u201d og af Casper Marienlund. Han dykkede ned i sporerne af de fundne huse og de mange stolpehuller. Ved hj\u00e6lp af kulstofmetoden c14 kunne man bestemme alderen p\u00e5 husene. Ogs\u00e5 han anvendte PowerPoint med illustrationer af bl.a. en r\u00e6kkelandsby. Med sig havde de et par dele af de fundne genstande samt en urnekrukke fra en anden udgravning.\u00a0Aftenen sluttede med sangen \u201dSeptembers himmel.\u201d<\/h4>\n<h4>Tak til de 2 ark\u00e6ologer for et interessant foredrag, tak til Knud S\u00f8rensen, og tak til de fremm\u00f8dte.<\/h4>\n<p><a href=\"https:\/\/seestlokalhistoriskeforening.dk\/wp-content\/uploads\/2022\/08\/DSC_0337.jpg\"><img loading=\"lazy\" decoding=\"async\" class=\"alignleft size-thumbnail wp-image-2410\" src=\"https:\/\/seestlokalhistoriskeforening.dk\/wp-content\/uploads\/2022\/08\/DSC_0337-200x133.jpg\" alt=\"DSC_0337\" width=\"200\" height=\"133\" srcset=\"https:\/\/seestlokalhistoriskeforening.dk\/wp-content\/uploads\/2022\/08\/DSC_0337-200x133.jpg 200w, https:\/\/seestlokalhistoriskeforening.dk\/wp-content\/uploads\/2022\/08\/DSC_0337-300x199.jpg 300w, https:\/\/seestlokalhistoriskeforening.dk\/wp-content\/uploads\/2022\/08\/DSC_0337-768x511.jpg 768w, https:\/\/seestlokalhistoriskeforening.dk\/wp-content\/uploads\/2022\/08\/DSC_0337-1024x681.jpg 1024w\" sizes=\"auto, (max-width: 200px) 100vw, 200px\" \/><\/a> <a href=\"https:\/\/seestlokalhistoriskeforening.dk\/wp-content\/uploads\/2022\/08\/DSC_0338.jpg\"><img loading=\"lazy\" decoding=\"async\" class=\"alignleft size-thumbnail wp-image-2411\" src=\"https:\/\/seestlokalhistoriskeforening.dk\/wp-content\/uploads\/2022\/08\/DSC_0338-200x133.jpg\" alt=\"DSC_0338\" width=\"200\" height=\"133\" srcset=\"https:\/\/seestlokalhistoriskeforening.dk\/wp-content\/uploads\/2022\/08\/DSC_0338-200x133.jpg 200w, https:\/\/seestlokalhistoriskeforening.dk\/wp-content\/uploads\/2022\/08\/DSC_0338-300x199.jpg 300w, https:\/\/seestlokalhistoriskeforening.dk\/wp-content\/uploads\/2022\/08\/DSC_0338-768x511.jpg 768w, https:\/\/seestlokalhistoriskeforening.dk\/wp-content\/uploads\/2022\/08\/DSC_0338-1024x681.jpg 1024w\" sizes=\"auto, (max-width: 200px) 100vw, 200px\" \/><\/a> <a href=\"https:\/\/seestlokalhistoriskeforening.dk\/wp-content\/uploads\/2022\/08\/DSC_0339.jpg\"><img loading=\"lazy\" decoding=\"async\" class=\"alignleft size-thumbnail wp-image-2412\" src=\"https:\/\/seestlokalhistoriskeforening.dk\/wp-content\/uploads\/2022\/08\/DSC_0339-200x133.jpg\" alt=\"DSC_0339\" width=\"200\" height=\"133\" srcset=\"https:\/\/seestlokalhistoriskeforening.dk\/wp-content\/uploads\/2022\/08\/DSC_0339-200x133.jpg 200w, https:\/\/seestlokalhistoriskeforening.dk\/wp-content\/uploads\/2022\/08\/DSC_0339-300x199.jpg 300w, https:\/\/seestlokalhistoriskeforening.dk\/wp-content\/uploads\/2022\/08\/DSC_0339-768x511.jpg 768w, https:\/\/seestlokalhistoriskeforening.dk\/wp-content\/uploads\/2022\/08\/DSC_0339-1024x681.jpg 1024w\" sizes=\"auto, (max-width: 200px) 100vw, 200px\" \/><\/a> <a href=\"https:\/\/seestlokalhistoriskeforening.dk\/wp-content\/uploads\/2022\/08\/DSC_0340.jpg\"><img loading=\"lazy\" decoding=\"async\" class=\"alignleft size-thumbnail wp-image-2413\" src=\"https:\/\/seestlokalhistoriskeforening.dk\/wp-content\/uploads\/2022\/08\/DSC_0340-200x133.jpg\" alt=\"DSC_0340\" width=\"200\" height=\"133\" srcset=\"https:\/\/seestlokalhistoriskeforening.dk\/wp-content\/uploads\/2022\/08\/DSC_0340-200x133.jpg 200w, https:\/\/seestlokalhistoriskeforening.dk\/wp-content\/uploads\/2022\/08\/DSC_0340-300x199.jpg 300w, https:\/\/seestlokalhistoriskeforening.dk\/wp-content\/uploads\/2022\/08\/DSC_0340-768x511.jpg 768w, https:\/\/seestlokalhistoriskeforening.dk\/wp-content\/uploads\/2022\/08\/DSC_0340-1024x681.jpg 1024w\" sizes=\"auto, (max-width: 200px) 100vw, 200px\" \/><\/a> <a href=\"https:\/\/seestlokalhistoriskeforening.dk\/wp-content\/uploads\/2022\/08\/DSC_0341.jpg\"><img loading=\"lazy\" decoding=\"async\" class=\"alignleft size-thumbnail wp-image-2414\" src=\"https:\/\/seestlokalhistoriskeforening.dk\/wp-content\/uploads\/2022\/08\/DSC_0341-200x133.jpg\" alt=\"DSC_0341\" width=\"200\" height=\"133\" srcset=\"https:\/\/seestlokalhistoriskeforening.dk\/wp-content\/uploads\/2022\/08\/DSC_0341-200x133.jpg 200w, https:\/\/seestlokalhistoriskeforening.dk\/wp-content\/uploads\/2022\/08\/DSC_0341-300x199.jpg 300w, https:\/\/seestlokalhistoriskeforening.dk\/wp-content\/uploads\/2022\/08\/DSC_0341-768x511.jpg 768w, https:\/\/seestlokalhistoriskeforening.dk\/wp-content\/uploads\/2022\/08\/DSC_0341-1024x681.jpg 1024w\" sizes=\"auto, (max-width: 200px) 100vw, 200px\" \/><\/a> <a href=\"https:\/\/seestlokalhistoriskeforening.dk\/wp-content\/uploads\/2022\/08\/DSC_0342.jpg\"><img loading=\"lazy\" decoding=\"async\" class=\"alignleft size-thumbnail wp-image-2415\" src=\"https:\/\/seestlokalhistoriskeforening.dk\/wp-content\/uploads\/2022\/08\/DSC_0342-200x133.jpg\" alt=\"DSC_0342\" width=\"200\" height=\"133\" srcset=\"https:\/\/seestlokalhistoriskeforening.dk\/wp-content\/uploads\/2022\/08\/DSC_0342-200x133.jpg 200w, https:\/\/seestlokalhistoriskeforening.dk\/wp-content\/uploads\/2022\/08\/DSC_0342-300x199.jpg 300w, https:\/\/seestlokalhistoriskeforening.dk\/wp-content\/uploads\/2022\/08\/DSC_0342-768x511.jpg 768w, https:\/\/seestlokalhistoriskeforening.dk\/wp-content\/uploads\/2022\/08\/DSC_0342-1024x681.jpg 1024w\" sizes=\"auto, (max-width: 200px) 100vw, 200px\" \/><\/a> <a href=\"https:\/\/seestlokalhistoriskeforening.dk\/wp-content\/uploads\/2022\/08\/DSC_0343.jpg\"><img loading=\"lazy\" decoding=\"async\" class=\"alignleft size-thumbnail wp-image-2416\" src=\"https:\/\/seestlokalhistoriskeforening.dk\/wp-content\/uploads\/2022\/08\/DSC_0343-200x133.jpg\" alt=\"DSC_0343\" width=\"200\" height=\"133\" srcset=\"https:\/\/seestlokalhistoriskeforening.dk\/wp-content\/uploads\/2022\/08\/DSC_0343-200x133.jpg 200w, https:\/\/seestlokalhistoriskeforening.dk\/wp-content\/uploads\/2022\/08\/DSC_0343-300x199.jpg 300w, https:\/\/seestlokalhistoriskeforening.dk\/wp-content\/uploads\/2022\/08\/DSC_0343-768x511.jpg 768w, https:\/\/seestlokalhistoriskeforening.dk\/wp-content\/uploads\/2022\/08\/DSC_0343-1024x681.jpg 1024w\" sizes=\"auto, (max-width: 200px) 100vw, 200px\" \/><\/a> <a href=\"https:\/\/seestlokalhistoriskeforening.dk\/wp-content\/uploads\/2022\/08\/DSC_0345.jpg\"><img loading=\"lazy\" decoding=\"async\" class=\"alignleft size-thumbnail wp-image-2418\" src=\"https:\/\/seestlokalhistoriskeforening.dk\/wp-content\/uploads\/2022\/08\/DSC_0345-200x133.jpg\" alt=\"DSC_0345\" width=\"200\" height=\"133\" srcset=\"https:\/\/seestlokalhistoriskeforening.dk\/wp-content\/uploads\/2022\/08\/DSC_0345-200x133.jpg 200w, https:\/\/seestlokalhistoriskeforening.dk\/wp-content\/uploads\/2022\/08\/DSC_0345-300x199.jpg 300w, https:\/\/seestlokalhistoriskeforening.dk\/wp-content\/uploads\/2022\/08\/DSC_0345-768x511.jpg 768w, https:\/\/seestlokalhistoriskeforening.dk\/wp-content\/uploads\/2022\/08\/DSC_0345-1024x681.jpg 1024w\" sizes=\"auto, (max-width: 200px) 100vw, 200px\" \/><\/a><\/p>\n<h4><\/h4>\n<p>&nbsp;<\/p>\n","protected":false},"excerpt":{"rendered":"<p>Referat fra foredraget omkring udgravningerne ved Tankedalsvej, der blev afholdt i sognehuset den 5. sept. En beretning om de ark\u00e6ologiske, udgravninger ved Tankedalsvej, der fandt sted fra 2011 til 2015 og som blev genoptaget i 2021, i forbindelse med byggeriet af Vision Parks nye logistikcenter, af museum S\u00f8nderjylland. Foreningen havde, p\u00e5 opfordring af Per Thornberg, [&hellip;]<\/p>\n","protected":false},"author":1,"featured_media":0,"parent":0,"menu_order":0,"comment_status":"closed","ping_status":"closed","template":"","meta":{"footnotes":""},"class_list":["post-2395","page","type-page","status-publish","czr-hentry"],"_links":{"self":[{"href":"https:\/\/seestlokalhistoriskeforening.dk\/index.php?rest_route=\/wp\/v2\/pages\/2395","targetHints":{"allow":["GET"]}}],"collection":[{"href":"https:\/\/seestlokalhistoriskeforening.dk\/index.php?rest_route=\/wp\/v2\/pages"}],"about":[{"href":"https:\/\/seestlokalhistoriskeforening.dk\/index.php?rest_route=\/wp\/v2\/types\/page"}],"author":[{"embeddable":true,"href":"https:\/\/seestlokalhistoriskeforening.dk\/index.php?rest_route=\/wp\/v2\/users\/1"}],"replies":[{"embeddable":true,"href":"https:\/\/seestlokalhistoriskeforening.dk\/index.php?rest_route=%2Fwp%2Fv2%2Fcomments&post=2395"}],"version-history":[{"count":7,"href":"https:\/\/seestlokalhistoriskeforening.dk\/index.php?rest_route=\/wp\/v2\/pages\/2395\/revisions"}],"predecessor-version":[{"id":2420,"href":"https:\/\/seestlokalhistoriskeforening.dk\/index.php?rest_route=\/wp\/v2\/pages\/2395\/revisions\/2420"}],"wp:attachment":[{"href":"https:\/\/seestlokalhistoriskeforening.dk\/index.php?rest_route=%2Fwp%2Fv2%2Fmedia&parent=2395"}],"curies":[{"name":"wp","href":"https:\/\/api.w.org\/{rel}","templated":true}]}}