{"id":2386,"date":"2022-08-03T17:43:55","date_gmt":"2022-08-03T17:43:55","guid":{"rendered":"https:\/\/seestlokalhistoriskeforening.dk\/?page_id=2386"},"modified":"2022-08-17T18:20:10","modified_gmt":"2022-08-17T18:20:10","slug":"gpdr-protest","status":"publish","type":"page","link":"https:\/\/seestlokalhistoriskeforening.dk\/?page_id=2386","title":{"rendered":"GPDR &#8211; Protest &#8211; NY"},"content":{"rendered":"<p style=\"text-align: center;\">Tryk venligst p\u00e5 nedenst\u00e5ende link for at l\u00e6se artikel<\/p>\n<p style=\"text-align: center;\"><span style=\"color: #3366ff;\"><a style=\"color: #3366ff;\" href=\"https:\/\/seestlokalhistoriskeforening.dk\/wp-content\/uploads\/2022\/08\/GPDR-protest.pdf\">GPDR-protest<\/a>\u00a0fra SLA<\/span><\/p>\n<p style=\"text-align: center;\">\u00a0Bem\u00e6rk, det er en PDF-fil der downloades.<\/p>\n","protected":false},"excerpt":{"rendered":"<p>Tryk venligst p\u00e5 nedenst\u00e5ende link for at l\u00e6se artikel GPDR-protest\u00a0fra SLA \u00a0Bem\u00e6rk, det er en PDF-fil der downloades.<\/p>\n","protected":false},"author":1,"featured_media":0,"parent":0,"menu_order":0,"comment_status":"closed","ping_status":"closed","template":"","meta":{"footnotes":""},"class_list":["post-2386","page","type-page","status-publish","czr-hentry"],"_links":{"self":[{"href":"https:\/\/seestlokalhistoriskeforening.dk\/index.php?rest_route=\/wp\/v2\/pages\/2386","targetHints":{"allow":["GET"]}}],"collection":[{"href":"https:\/\/seestlokalhistoriskeforening.dk\/index.php?rest_route=\/wp\/v2\/pages"}],"about":[{"href":"https:\/\/seestlokalhistoriskeforening.dk\/index.php?rest_route=\/wp\/v2\/types\/page"}],"author":[{"embeddable":true,"href":"https:\/\/seestlokalhistoriskeforening.dk\/index.php?rest_route=\/wp\/v2\/users\/1"}],"replies":[{"embeddable":true,"href":"https:\/\/seestlokalhistoriskeforening.dk\/index.php?rest_route=%2Fwp%2Fv2%2Fcomments&post=2386"}],"version-history":[{"count":5,"href":"https:\/\/seestlokalhistoriskeforening.dk\/index.php?rest_route=\/wp\/v2\/pages\/2386\/revisions"}],"predecessor-version":[{"id":2408,"href":"https:\/\/seestlokalhistoriskeforening.dk\/index.php?rest_route=\/wp\/v2\/pages\/2386\/revisions\/2408"}],"wp:attachment":[{"href":"https:\/\/seestlokalhistoriskeforening.dk\/index.php?rest_route=%2Fwp%2Fv2%2Fmedia&parent=2386"}],"curies":[{"name":"wp","href":"https:\/\/api.w.org\/{rel}","templated":true}]}}