{"id":2148,"date":"2020-05-26T15:25:52","date_gmt":"2020-05-26T15:25:52","guid":{"rendered":"https:\/\/seestlokalhistoriskeforening.dk\/?page_id=2148"},"modified":"2022-08-17T18:10:20","modified_gmt":"2022-08-17T18:10:20","slug":"genforeningsstenen-i-hylkedal","status":"publish","type":"page","link":"https:\/\/seestlokalhistoriskeforening.dk\/?page_id=2148","title":{"rendered":"Genforeningsstenen i Hylkedalen"},"content":{"rendered":"<p style=\"text-align: center;\">Tryk venligst p\u00e5 nedenst\u00e5ende link for at l\u00e6se artiklen.<\/p>\n<p style=\"text-align: center;\"><span style=\"color: #0000ff;\"><a style=\"color: #0000ff;\" href=\"https:\/\/seestlokalhistoriskeforening.dk\/wp-content\/uploads\/2020\/05\/Genforeningssten-i-Seest-1920.pdf\">Genforeningssten i Seest 1920<\/a><\/span><\/p>\n<p style=\"text-align: center;\">Bem\u00e6rk venligst, det er en PDF-fil der downloades.<\/p>\n<p style=\"text-align: center;\">Efter download, g\u00e5 ind i rubrikken med % for at \u00e6ndre til sidemenu.<\/p>\n<h3 style=\"text-align: center;\">Vi takker Per for det store arbejde med denne artikel.<\/h3>\n","protected":false},"excerpt":{"rendered":"<p>Tryk venligst p\u00e5 nedenst\u00e5ende link for at l\u00e6se artiklen. Genforeningssten i Seest 1920 Bem\u00e6rk venligst, det er en PDF-fil der downloades. Efter download, g\u00e5 ind i rubrikken med % for at \u00e6ndre til sidemenu. Vi takker Per for det store arbejde med denne artikel.<\/p>\n","protected":false},"author":1,"featured_media":0,"parent":0,"menu_order":0,"comment_status":"closed","ping_status":"closed","template":"","meta":{"footnotes":""},"class_list":["post-2148","page","type-page","status-publish","czr-hentry"],"_links":{"self":[{"href":"https:\/\/seestlokalhistoriskeforening.dk\/index.php?rest_route=\/wp\/v2\/pages\/2148","targetHints":{"allow":["GET"]}}],"collection":[{"href":"https:\/\/seestlokalhistoriskeforening.dk\/index.php?rest_route=\/wp\/v2\/pages"}],"about":[{"href":"https:\/\/seestlokalhistoriskeforening.dk\/index.php?rest_route=\/wp\/v2\/types\/page"}],"author":[{"embeddable":true,"href":"https:\/\/seestlokalhistoriskeforening.dk\/index.php?rest_route=\/wp\/v2\/users\/1"}],"replies":[{"embeddable":true,"href":"https:\/\/seestlokalhistoriskeforening.dk\/index.php?rest_route=%2Fwp%2Fv2%2Fcomments&post=2148"}],"version-history":[{"count":5,"href":"https:\/\/seestlokalhistoriskeforening.dk\/index.php?rest_route=\/wp\/v2\/pages\/2148\/revisions"}],"predecessor-version":[{"id":2403,"href":"https:\/\/seestlokalhistoriskeforening.dk\/index.php?rest_route=\/wp\/v2\/pages\/2148\/revisions\/2403"}],"wp:attachment":[{"href":"https:\/\/seestlokalhistoriskeforening.dk\/index.php?rest_route=%2Fwp%2Fv2%2Fmedia&parent=2148"}],"curies":[{"name":"wp","href":"https:\/\/api.w.org\/{rel}","templated":true}]}}