{"id":2111,"date":"2019-12-13T17:11:25","date_gmt":"2019-12-13T17:11:25","guid":{"rendered":"https:\/\/seestlokalhistoriskeforening.dk\/?page_id=2111"},"modified":"2020-01-08T08:24:33","modified_gmt":"2020-01-08T08:24:33","slug":"hejlsgaarden-kallundholdt-ny","status":"publish","type":"page","link":"https:\/\/seestlokalhistoriskeforening.dk\/?page_id=2111","title":{"rendered":"Hejlsg\u00e5rden, Kallundholdt og Skovdrupgaard"},"content":{"rendered":"<p style=\"text-align: center;\">Tryk venligst p\u00e5 nedenst\u00e5ende link for at l\u00e6se artiklen.<\/p>\n<p style=\"text-align: center;\"><span style=\"color: #0000ff;\"><a style=\"color: #0000ff;\" href=\"https:\/\/seestlokalhistoriskeforening.dk\/wp-content\/uploads\/2019\/12\/Hejlsg\u00e5rden-slesvisk-enklave-i-Seest.pdf\">Hejlsg\u00e5rden &#8211; slesvisk enklave i Seest<\/a><\/span> af Per Thornberg<\/p>\n<p style=\"text-align: center;\"><span style=\"color: #0000ff;\"><a style=\"color: #0000ff;\" href=\"https:\/\/seestlokalhistoriskeforening.dk\/wp-content\/uploads\/2019\/12\/Kallundholt-slesvisk-enklave-i-Seest.pdf\">Kallundholt &#8211; slesvisk enklave i Seest<\/a><\/span> af Per Thornberg<\/p>\n<p style=\"text-align: center;\"><span style=\"color: #0000ff;\"><a style=\"color: #0000ff;\" href=\"https:\/\/seestlokalhistoriskeforening.dk\/wp-content\/uploads\/2019\/12\/Skovdrupg\u00e5rd-slesvigsk-enklave-i-Seest.pdf\">Skovdrupgaard &#8211; slesvigsk enklave i Seest<\/a><\/span>\u00a0 af Per Thornberg<\/p>\n<p style=\"text-align: center;\">Bem\u00e6rk venligst, det er en PDF-fil der downloades.<\/p>\n<p style=\"text-align: center;\">Efter download, g\u00e5 ind i rubrikken med % for at \u00e6ndre til sidemenu.<\/p>\n<h3 style=\"text-align: center;\">Vi takker Per for det store arbejde med disse artikler.<\/h3>\n","protected":false},"excerpt":{"rendered":"<p>Tryk venligst p\u00e5 nedenst\u00e5ende link for at l\u00e6se artiklen. Hejlsg\u00e5rden &#8211; slesvisk enklave i Seest af Per Thornberg Kallundholt &#8211; slesvisk enklave i Seest af Per Thornberg Skovdrupgaard &#8211; slesvigsk enklave i Seest\u00a0 af Per Thornberg Bem\u00e6rk venligst, det er en PDF-fil der downloades. Efter download, g\u00e5 ind i rubrikken med % for at \u00e6ndre [&hellip;]<\/p>\n","protected":false},"author":1,"featured_media":0,"parent":0,"menu_order":0,"comment_status":"closed","ping_status":"closed","template":"","meta":{"footnotes":""},"class_list":["post-2111","page","type-page","status-publish","czr-hentry"],"_links":{"self":[{"href":"https:\/\/seestlokalhistoriskeforening.dk\/index.php?rest_route=\/wp\/v2\/pages\/2111","targetHints":{"allow":["GET"]}}],"collection":[{"href":"https:\/\/seestlokalhistoriskeforening.dk\/index.php?rest_route=\/wp\/v2\/pages"}],"about":[{"href":"https:\/\/seestlokalhistoriskeforening.dk\/index.php?rest_route=\/wp\/v2\/types\/page"}],"author":[{"embeddable":true,"href":"https:\/\/seestlokalhistoriskeforening.dk\/index.php?rest_route=\/wp\/v2\/users\/1"}],"replies":[{"embeddable":true,"href":"https:\/\/seestlokalhistoriskeforening.dk\/index.php?rest_route=%2Fwp%2Fv2%2Fcomments&post=2111"}],"version-history":[{"count":8,"href":"https:\/\/seestlokalhistoriskeforening.dk\/index.php?rest_route=\/wp\/v2\/pages\/2111\/revisions"}],"predecessor-version":[{"id":2133,"href":"https:\/\/seestlokalhistoriskeforening.dk\/index.php?rest_route=\/wp\/v2\/pages\/2111\/revisions\/2133"}],"wp:attachment":[{"href":"https:\/\/seestlokalhistoriskeforening.dk\/index.php?rest_route=%2Fwp%2Fv2%2Fmedia&parent=2111"}],"curies":[{"name":"wp","href":"https:\/\/api.w.org\/{rel}","templated":true}]}}