{"id":1803,"date":"2018-08-05T08:58:41","date_gmt":"2018-08-05T08:58:41","guid":{"rendered":"https:\/\/seestlokalhistoriskeforening.dk\/?page_id=1803"},"modified":"2018-11-09T13:54:02","modified_gmt":"2018-11-09T13:54:02","slug":"borger-og-by-paa-kolding-bibliotek","status":"publish","type":"page","link":"https:\/\/seestlokalhistoriskeforening.dk\/?page_id=1803","title":{"rendered":"5. november 2018 &#8211; Holger Drachmann"},"content":{"rendered":"<h3 style=\"text-align: center;\"><\/h3>\n<h3 style=\"text-align: center;\">Mandag den 5. nov. havde foreningen bes\u00f8g af Lillian Hjorth-Westh fra Bornholm med emnet: <em>Holger Drachmann. <\/em><\/h3>\n<h3 style=\"text-align: center;\">Ikke f\u00e6rre end 61 personer havde fundet vej til sognehuset, hvor en oplagt Lillian Hjorth-Westh fortalte om den ber\u00f8mte<\/h3>\n<h3 style=\"text-align: center;\">digters anderledes livsstil.<\/h3>\n<h3 style=\"text-align: center;\">Men ogs\u00e5 om hans store evner som marinemaler. S\u00e5gar omtales han som en af de st\u00f8rste i Europa.<\/h3>\n<h3 style=\"text-align: center;\">Det blev en underholdende aften, hvor smilene tit og ofte kom frem n\u00e5r det handlede om Drachmanns mange kvindelige<\/h3>\n<h3 style=\"text-align: center;\">bekendtskaber. Drachmann udtrykte sig ofte, at de \u2019l\u00e6nkede ham\u2019. Ogs\u00e5 hans mange rejseaktiviteter blev ber\u00f8rt.<\/h3>\n<h3 style=\"text-align: center;\">I forl\u00f8bet blev der ligeledes sunget sange af Drachmann, som Knud S\u00f8rensen spillede til.<\/h3>\n<p><a href=\"https:\/\/seestlokalhistoriskeforening.dk\/wp-content\/uploads\/2018\/08\/DSC_0017-3..jpg\"><img loading=\"lazy\" decoding=\"async\" class=\"alignleft size-thumbnail wp-image-1850\" src=\"https:\/\/seestlokalhistoriskeforening.dk\/wp-content\/uploads\/2018\/08\/DSC_0017-3.-150x150.jpg\" alt=\"DSC_0017 3.\" width=\"150\" height=\"150\" \/><\/a><\/p>\n<p><a href=\"https:\/\/seestlokalhistoriskeforening.dk\/wp-content\/uploads\/2018\/08\/DSC_0019-1..jpg\"><img loading=\"lazy\" decoding=\"async\" class=\"alignleft size-thumbnail wp-image-1852\" src=\"https:\/\/seestlokalhistoriskeforening.dk\/wp-content\/uploads\/2018\/08\/DSC_0019-1.-150x150.jpg\" alt=\"DSC_0019 1.\" width=\"150\" height=\"150\" \/><\/a> <a href=\"https:\/\/seestlokalhistoriskeforening.dk\/wp-content\/uploads\/2018\/08\/DSC_0018-2..jpg\"><img loading=\"lazy\" decoding=\"async\" class=\"alignleft size-thumbnail wp-image-1851\" src=\"https:\/\/seestlokalhistoriskeforening.dk\/wp-content\/uploads\/2018\/08\/DSC_0018-2.-150x150.jpg\" alt=\"DSC_0018 2.\" width=\"150\" height=\"150\" \/><\/a> <a href=\"https:\/\/seestlokalhistoriskeforening.dk\/wp-content\/uploads\/2018\/08\/DSC_0015-5..jpg\"><img loading=\"lazy\" decoding=\"async\" class=\"alignleft size-thumbnail wp-image-1849\" src=\"https:\/\/seestlokalhistoriskeforening.dk\/wp-content\/uploads\/2018\/08\/DSC_0015-5.-150x150.jpg\" alt=\"DSC_0015 5.\" width=\"150\" height=\"150\" \/><\/a> <a href=\"https:\/\/seestlokalhistoriskeforening.dk\/wp-content\/uploads\/2018\/08\/DSC_0014-6..jpg\"><img loading=\"lazy\" decoding=\"async\" class=\"alignleft size-thumbnail wp-image-1848\" src=\"https:\/\/seestlokalhistoriskeforening.dk\/wp-content\/uploads\/2018\/08\/DSC_0014-6.-150x150.jpg\" alt=\"DSC_0014 6.\" width=\"150\" height=\"150\" \/><\/a><\/p>\n<h4 style=\"text-align: center;\"><\/h4>\n","protected":false},"excerpt":{"rendered":"<p>Mandag den 5. nov. havde foreningen bes\u00f8g af Lillian Hjorth-Westh fra Bornholm med emnet: Holger Drachmann. Ikke f\u00e6rre end 61 personer havde fundet vej til sognehuset, hvor en oplagt Lillian Hjorth-Westh fortalte om den ber\u00f8mte digters anderledes livsstil. Men ogs\u00e5 om hans store evner som marinemaler. S\u00e5gar omtales han som en af de st\u00f8rste i [&hellip;]<\/p>\n","protected":false},"author":1,"featured_media":0,"parent":0,"menu_order":0,"comment_status":"closed","ping_status":"closed","template":"","meta":{"footnotes":""},"class_list":["post-1803","page","type-page","status-publish","czr-hentry"],"_links":{"self":[{"href":"https:\/\/seestlokalhistoriskeforening.dk\/index.php?rest_route=\/wp\/v2\/pages\/1803","targetHints":{"allow":["GET"]}}],"collection":[{"href":"https:\/\/seestlokalhistoriskeforening.dk\/index.php?rest_route=\/wp\/v2\/pages"}],"about":[{"href":"https:\/\/seestlokalhistoriskeforening.dk\/index.php?rest_route=\/wp\/v2\/types\/page"}],"author":[{"embeddable":true,"href":"https:\/\/seestlokalhistoriskeforening.dk\/index.php?rest_route=\/wp\/v2\/users\/1"}],"replies":[{"embeddable":true,"href":"https:\/\/seestlokalhistoriskeforening.dk\/index.php?rest_route=%2Fwp%2Fv2%2Fcomments&post=1803"}],"version-history":[{"count":27,"href":"https:\/\/seestlokalhistoriskeforening.dk\/index.php?rest_route=\/wp\/v2\/pages\/1803\/revisions"}],"predecessor-version":[{"id":1854,"href":"https:\/\/seestlokalhistoriskeforening.dk\/index.php?rest_route=\/wp\/v2\/pages\/1803\/revisions\/1854"}],"wp:attachment":[{"href":"https:\/\/seestlokalhistoriskeforening.dk\/index.php?rest_route=%2Fwp%2Fv2%2Fmedia&parent=1803"}],"curies":[{"name":"wp","href":"https:\/\/api.w.org\/{rel}","templated":true}]}}