{"id":1782,"date":"2018-04-16T10:42:48","date_gmt":"2018-04-16T10:42:48","guid":{"rendered":"https:\/\/seestlokalhistoriskeforening.dk\/?page_id=1782"},"modified":"2022-02-16T09:08:35","modified_gmt":"2022-02-16T09:08:35","slug":"om-hjemmesiden","status":"publish","type":"page","link":"https:\/\/seestlokalhistoriskeforening.dk\/?page_id=1782","title":{"rendered":"Om hjemmesiden"},"content":{"rendered":"<p style=\"text-align: center;\">K\u00e6re medlem<\/p>\n<p style=\"text-align: center;\">Til venlig orientering blev der p\u00e5 bestyrelsesm\u00f8det den 9. april godkendt en \u00e6ndring af ansvaret for hjemmesiden. Fremover skal indslag til hjemmesiden sendes til<\/p>\n<h3 style=\"text-align: center;\">Preben S\u00f8egaard p\u00e5 mail: <a href=\"mailto:preben-soegaard@stofanet.dk\">preben-soegaard@stofanet.dk<\/a> eller tlf. <strong>2811 2440<\/strong>.<\/h3>\n<p style=\"text-align: center;\">Bem\u00e6rk ogs\u00e5 foreningens nye mailadresse, hvor du kan henvende dig: <a href=\"mailto:seestlokalhistorie@outlook.dk\">seestlokalhistorie@outlook.dk<\/a><\/p>\n<p style=\"text-align: center;\">Mvh. bestyrelsen<\/p>\n","protected":false},"excerpt":{"rendered":"<p>K\u00e6re medlem Til venlig orientering blev der p\u00e5 bestyrelsesm\u00f8det den 9. april godkendt en \u00e6ndring af ansvaret for hjemmesiden. Fremover skal indslag til hjemmesiden sendes til Preben S\u00f8egaard p\u00e5 mail: preben-soegaard@stofanet.dk eller tlf. 2811 2440. Bem\u00e6rk ogs\u00e5 foreningens nye mailadresse, hvor du kan henvende dig: seestlokalhistorie@outlook.dk Mvh. bestyrelsen<\/p>\n","protected":false},"author":1,"featured_media":0,"parent":0,"menu_order":0,"comment_status":"closed","ping_status":"closed","template":"","meta":{"footnotes":""},"class_list":["post-1782","page","type-page","status-publish","czr-hentry"],"_links":{"self":[{"href":"https:\/\/seestlokalhistoriskeforening.dk\/index.php?rest_route=\/wp\/v2\/pages\/1782","targetHints":{"allow":["GET"]}}],"collection":[{"href":"https:\/\/seestlokalhistoriskeforening.dk\/index.php?rest_route=\/wp\/v2\/pages"}],"about":[{"href":"https:\/\/seestlokalhistoriskeforening.dk\/index.php?rest_route=\/wp\/v2\/types\/page"}],"author":[{"embeddable":true,"href":"https:\/\/seestlokalhistoriskeforening.dk\/index.php?rest_route=\/wp\/v2\/users\/1"}],"replies":[{"embeddable":true,"href":"https:\/\/seestlokalhistoriskeforening.dk\/index.php?rest_route=%2Fwp%2Fv2%2Fcomments&post=1782"}],"version-history":[{"count":5,"href":"https:\/\/seestlokalhistoriskeforening.dk\/index.php?rest_route=\/wp\/v2\/pages\/1782\/revisions"}],"predecessor-version":[{"id":2323,"href":"https:\/\/seestlokalhistoriskeforening.dk\/index.php?rest_route=\/wp\/v2\/pages\/1782\/revisions\/2323"}],"wp:attachment":[{"href":"https:\/\/seestlokalhistoriskeforening.dk\/index.php?rest_route=%2Fwp%2Fv2%2Fmedia&parent=1782"}],"curies":[{"name":"wp","href":"https:\/\/api.w.org\/{rel}","templated":true}]}}