{"id":1695,"date":"2018-01-09T13:47:31","date_gmt":"2018-01-09T13:47:31","guid":{"rendered":"https:\/\/seestlokalhistoriskeforening.dk\/?page_id=1695"},"modified":"2018-01-09T14:00:49","modified_gmt":"2018-01-09T14:00:49","slug":"vranderup-skole-1904-1959","status":"publish","type":"page","link":"https:\/\/seestlokalhistoriskeforening.dk\/?page_id=1695","title":{"rendered":"Vranderup Skole 1904 &#8211; 1959"},"content":{"rendered":"<h3><\/h3>\n<h3><\/h3>\n<h3 style=\"text-align: center;\"><span style=\"color: #000000;\">Tryk p\u00e5 nedenst\u00e5ende link:<\/span><\/h3>\n<h3 style=\"text-align: center;\"><span style=\"color: #0000ff;\"><a style=\"color: #0000ff;\" href=\"https:\/\/seestlokalhistoriskeforening.dk\/wp-content\/uploads\/2018\/01\/Vranderup-Skole-1904-1959.pdf\">Vranderup Skole 1904 &#8211; 1959<\/a><\/span><\/h3>\n<h3 style=\"text-align: center;\">Bem\u00e6rk, det er en PDF-fil der \u00e5bnes.<\/h3>\n","protected":false},"excerpt":{"rendered":"<p>Tryk p\u00e5 nedenst\u00e5ende link: Vranderup Skole 1904 &#8211; 1959 Bem\u00e6rk, det er en PDF-fil der \u00e5bnes.<\/p>\n","protected":false},"author":1,"featured_media":0,"parent":0,"menu_order":0,"comment_status":"closed","ping_status":"closed","template":"","meta":{"footnotes":""},"class_list":["post-1695","page","type-page","status-publish","czr-hentry"],"_links":{"self":[{"href":"https:\/\/seestlokalhistoriskeforening.dk\/index.php?rest_route=\/wp\/v2\/pages\/1695","targetHints":{"allow":["GET"]}}],"collection":[{"href":"https:\/\/seestlokalhistoriskeforening.dk\/index.php?rest_route=\/wp\/v2\/pages"}],"about":[{"href":"https:\/\/seestlokalhistoriskeforening.dk\/index.php?rest_route=\/wp\/v2\/types\/page"}],"author":[{"embeddable":true,"href":"https:\/\/seestlokalhistoriskeforening.dk\/index.php?rest_route=\/wp\/v2\/users\/1"}],"replies":[{"embeddable":true,"href":"https:\/\/seestlokalhistoriskeforening.dk\/index.php?rest_route=%2Fwp%2Fv2%2Fcomments&post=1695"}],"version-history":[{"count":4,"href":"https:\/\/seestlokalhistoriskeforening.dk\/index.php?rest_route=\/wp\/v2\/pages\/1695\/revisions"}],"predecessor-version":[{"id":1706,"href":"https:\/\/seestlokalhistoriskeforening.dk\/index.php?rest_route=\/wp\/v2\/pages\/1695\/revisions\/1706"}],"wp:attachment":[{"href":"https:\/\/seestlokalhistoriskeforening.dk\/index.php?rest_route=%2Fwp%2Fv2%2Fmedia&parent=1695"}],"curies":[{"name":"wp","href":"https:\/\/api.w.org\/{rel}","templated":true}]}}