{"id":1612,"date":"2017-10-30T11:24:11","date_gmt":"2017-10-30T11:24:11","guid":{"rendered":"https:\/\/seestlokalhistoriskeforening.dk\/?page_id=1612"},"modified":"2017-10-30T11:34:40","modified_gmt":"2017-10-30T11:34:40","slug":"seest-vandmoelle","status":"publish","type":"page","link":"https:\/\/seestlokalhistoriskeforening.dk\/?page_id=1612","title":{"rendered":"Seest Vandm\u00f8lle"},"content":{"rendered":"<p style=\"text-align: center;\">Tryk p\u00e5 nedenst\u00e5ende link for at l\u00e6se artiklen:<\/p>\n<p style=\"text-align: center;\"><span style=\"color: #0000ff;\"><a style=\"color: #0000ff;\" href=\"https:\/\/seestlokalhistoriskeforening.dk\/wp-content\/uploads\/2017\/10\/Seest-Vandm\u00f8lle.pdf\">Seest Vandm\u00f8lle<\/a><\/span><\/p>\n<p style=\"text-align: center;\">Bem\u00e6rk venligst at det er en PDF-fil der downloades.<\/p>\n<p style=\"text-align: center;\">\n","protected":false},"excerpt":{"rendered":"<p>Tryk p\u00e5 nedenst\u00e5ende link for at l\u00e6se artiklen: Seest Vandm\u00f8lle Bem\u00e6rk venligst at det er en PDF-fil der downloades.<\/p>\n","protected":false},"author":1,"featured_media":0,"parent":0,"menu_order":0,"comment_status":"closed","ping_status":"closed","template":"","meta":{"footnotes":""},"class_list":["post-1612","page","type-page","status-publish","czr-hentry"],"_links":{"self":[{"href":"https:\/\/seestlokalhistoriskeforening.dk\/index.php?rest_route=\/wp\/v2\/pages\/1612","targetHints":{"allow":["GET"]}}],"collection":[{"href":"https:\/\/seestlokalhistoriskeforening.dk\/index.php?rest_route=\/wp\/v2\/pages"}],"about":[{"href":"https:\/\/seestlokalhistoriskeforening.dk\/index.php?rest_route=\/wp\/v2\/types\/page"}],"author":[{"embeddable":true,"href":"https:\/\/seestlokalhistoriskeforening.dk\/index.php?rest_route=\/wp\/v2\/users\/1"}],"replies":[{"embeddable":true,"href":"https:\/\/seestlokalhistoriskeforening.dk\/index.php?rest_route=%2Fwp%2Fv2%2Fcomments&post=1612"}],"version-history":[{"count":7,"href":"https:\/\/seestlokalhistoriskeforening.dk\/index.php?rest_route=\/wp\/v2\/pages\/1612\/revisions"}],"predecessor-version":[{"id":1620,"href":"https:\/\/seestlokalhistoriskeforening.dk\/index.php?rest_route=\/wp\/v2\/pages\/1612\/revisions\/1620"}],"wp:attachment":[{"href":"https:\/\/seestlokalhistoriskeforening.dk\/index.php?rest_route=%2Fwp%2Fv2%2Fmedia&parent=1612"}],"curies":[{"name":"wp","href":"https:\/\/api.w.org\/{rel}","templated":true}]}}