{"id":1336,"date":"2016-09-26T13:47:58","date_gmt":"2016-09-26T13:47:58","guid":{"rendered":"https:\/\/seestlokalhistoriskeforening.dk\/?page_id=1336"},"modified":"2016-09-30T12:24:02","modified_gmt":"2016-09-30T12:24:02","slug":"den-15-september-2016","status":"publish","type":"page","link":"https:\/\/seestlokalhistoriskeforening.dk\/?page_id=1336","title":{"rendered":"15. september 2016"},"content":{"rendered":"<p>Den 15. sept. gik turen til plovfuren og vesterskoven, hvor Arne Hansen fortalte om bl. a. kanonstillinger p\u00e5 sine marker under krigen. I vesterskoven angav nogle gamle sten skellet mellem dele af skoven. Der var historien om m\u00e6lkebilen der m\u00e5tte en tur i \u00e5en, da den med for stort l\u00e6s ville passere broen over \u00e5en. Godt 40 medlemmer havde denne smukke sensommeraften fundet vej til Overholmg\u00e5rd, hvorfra turen udgik. Turen slutte ved udgangsstedet Overholmg\u00e5rd, hvor den medbragte kaffe og andet blev indtaget. Under kaffen fortalte Arne en del om det gamle Seest. Arne modtog en fortjent klapsalve for arrangementet.<\/p>\n<p><a href=\"https:\/\/seestlokalhistoriskeforening.dk\/?attachment_id=1349\" rel=\"attachment wp-att-1349\"><img loading=\"lazy\" decoding=\"async\" class=\"alignleft size-medium wp-image-1349\" src=\"https:\/\/seestlokalhistoriskeforening.dk\/wp-content\/uploads\/2016\/09\/1DSC_0002a-300x199.jpg\" alt=\"1dsc_0002a\" width=\"300\" height=\"199\" srcset=\"https:\/\/seestlokalhistoriskeforening.dk\/wp-content\/uploads\/2016\/09\/1DSC_0002a-300x199.jpg 300w, https:\/\/seestlokalhistoriskeforening.dk\/wp-content\/uploads\/2016\/09\/1DSC_0002a-768x510.jpg 768w, https:\/\/seestlokalhistoriskeforening.dk\/wp-content\/uploads\/2016\/09\/1DSC_0002a-1024x680.jpg 1024w, https:\/\/seestlokalhistoriskeforening.dk\/wp-content\/uploads\/2016\/09\/1DSC_0002a.jpg 2000w\" sizes=\"auto, (max-width: 300px) 100vw, 300px\" \/><\/a> <a href=\"https:\/\/seestlokalhistoriskeforening.dk\/?attachment_id=1350\" rel=\"attachment wp-att-1350\"><img loading=\"lazy\" decoding=\"async\" class=\"alignleft size-medium wp-image-1350\" src=\"https:\/\/seestlokalhistoriskeforening.dk\/wp-content\/uploads\/2016\/09\/2DSC_0006b-300x199.jpg\" alt=\"2dsc_0006b\" width=\"300\" height=\"199\" srcset=\"https:\/\/seestlokalhistoriskeforening.dk\/wp-content\/uploads\/2016\/09\/2DSC_0006b-300x199.jpg 300w, https:\/\/seestlokalhistoriskeforening.dk\/wp-content\/uploads\/2016\/09\/2DSC_0006b-768x510.jpg 768w, https:\/\/seestlokalhistoriskeforening.dk\/wp-content\/uploads\/2016\/09\/2DSC_0006b-1024x680.jpg 1024w, https:\/\/seestlokalhistoriskeforening.dk\/wp-content\/uploads\/2016\/09\/2DSC_0006b.jpg 2000w\" sizes=\"auto, (max-width: 300px) 100vw, 300px\" \/><\/a> <a href=\"https:\/\/seestlokalhistoriskeforening.dk\/?attachment_id=1351\" rel=\"attachment wp-att-1351\"><img loading=\"lazy\" decoding=\"async\" class=\"alignleft size-medium wp-image-1351\" src=\"https:\/\/seestlokalhistoriskeforening.dk\/wp-content\/uploads\/2016\/09\/3IMG_6303c-300x200.jpg\" alt=\"3img_6303c\" width=\"300\" height=\"200\" srcset=\"https:\/\/seestlokalhistoriskeforening.dk\/wp-content\/uploads\/2016\/09\/3IMG_6303c-300x200.jpg 300w, https:\/\/seestlokalhistoriskeforening.dk\/wp-content\/uploads\/2016\/09\/3IMG_6303c-768x512.jpg 768w, https:\/\/seestlokalhistoriskeforening.dk\/wp-content\/uploads\/2016\/09\/3IMG_6303c-1024x682.jpg 1024w, https:\/\/seestlokalhistoriskeforening.dk\/wp-content\/uploads\/2016\/09\/3IMG_6303c.jpg 2000w\" sizes=\"auto, (max-width: 300px) 100vw, 300px\" \/><\/a> <a href=\"https:\/\/seestlokalhistoriskeforening.dk\/?attachment_id=1352\" rel=\"attachment wp-att-1352\"><img loading=\"lazy\" decoding=\"async\" class=\"alignleft size-medium wp-image-1352\" src=\"https:\/\/seestlokalhistoriskeforening.dk\/wp-content\/uploads\/2016\/09\/4DSC_0012d-300x199.jpg\" alt=\"4dsc_0012d\" width=\"300\" height=\"199\" srcset=\"https:\/\/seestlokalhistoriskeforening.dk\/wp-content\/uploads\/2016\/09\/4DSC_0012d-300x199.jpg 300w, https:\/\/seestlokalhistoriskeforening.dk\/wp-content\/uploads\/2016\/09\/4DSC_0012d-768x510.jpg 768w, https:\/\/seestlokalhistoriskeforening.dk\/wp-content\/uploads\/2016\/09\/4DSC_0012d-1024x680.jpg 1024w, https:\/\/seestlokalhistoriskeforening.dk\/wp-content\/uploads\/2016\/09\/4DSC_0012d.jpg 2000w\" sizes=\"auto, (max-width: 300px) 100vw, 300px\" \/><\/a> <a href=\"https:\/\/seestlokalhistoriskeforening.dk\/?attachment_id=1353\" rel=\"attachment wp-att-1353\"><img loading=\"lazy\" decoding=\"async\" class=\"alignleft size-medium wp-image-1353\" src=\"https:\/\/seestlokalhistoriskeforening.dk\/wp-content\/uploads\/2016\/09\/5DSC_0016e-300x199.jpg\" alt=\"5dsc_0016e\" width=\"300\" height=\"199\" srcset=\"https:\/\/seestlokalhistoriskeforening.dk\/wp-content\/uploads\/2016\/09\/5DSC_0016e-300x199.jpg 300w, https:\/\/seestlokalhistoriskeforening.dk\/wp-content\/uploads\/2016\/09\/5DSC_0016e-768x510.jpg 768w, https:\/\/seestlokalhistoriskeforening.dk\/wp-content\/uploads\/2016\/09\/5DSC_0016e-1024x680.jpg 1024w, https:\/\/seestlokalhistoriskeforening.dk\/wp-content\/uploads\/2016\/09\/5DSC_0016e.jpg 2000w\" sizes=\"auto, (max-width: 300px) 100vw, 300px\" \/><\/a> <a href=\"https:\/\/seestlokalhistoriskeforening.dk\/?attachment_id=1354\" rel=\"attachment wp-att-1354\"><img loading=\"lazy\" decoding=\"async\" class=\"alignleft size-medium wp-image-1354\" src=\"https:\/\/seestlokalhistoriskeforening.dk\/wp-content\/uploads\/2016\/09\/6IMG_6318f-300x200.jpg\" alt=\"6img_6318f\" width=\"300\" height=\"200\" srcset=\"https:\/\/seestlokalhistoriskeforening.dk\/wp-content\/uploads\/2016\/09\/6IMG_6318f-300x200.jpg 300w, https:\/\/seestlokalhistoriskeforening.dk\/wp-content\/uploads\/2016\/09\/6IMG_6318f-768x512.jpg 768w, https:\/\/seestlokalhistoriskeforening.dk\/wp-content\/uploads\/2016\/09\/6IMG_6318f-1024x682.jpg 1024w, https:\/\/seestlokalhistoriskeforening.dk\/wp-content\/uploads\/2016\/09\/6IMG_6318f.jpg 2000w\" sizes=\"auto, (max-width: 300px) 100vw, 300px\" \/><\/a><\/p>\n","protected":false},"excerpt":{"rendered":"<p>Den 15. sept. gik turen til plovfuren og vesterskoven, hvor Arne Hansen fortalte om bl. a. kanonstillinger p\u00e5 sine marker under krigen. I vesterskoven angav nogle gamle sten skellet mellem dele af skoven. Der var historien om m\u00e6lkebilen der m\u00e5tte en tur i \u00e5en, da den med for stort l\u00e6s ville passere broen over \u00e5en. [&hellip;]<\/p>\n","protected":false},"author":1,"featured_media":0,"parent":0,"menu_order":0,"comment_status":"closed","ping_status":"closed","template":"","meta":{"footnotes":""},"class_list":["post-1336","page","type-page","status-publish","czr-hentry"],"_links":{"self":[{"href":"https:\/\/seestlokalhistoriskeforening.dk\/index.php?rest_route=\/wp\/v2\/pages\/1336","targetHints":{"allow":["GET"]}}],"collection":[{"href":"https:\/\/seestlokalhistoriskeforening.dk\/index.php?rest_route=\/wp\/v2\/pages"}],"about":[{"href":"https:\/\/seestlokalhistoriskeforening.dk\/index.php?rest_route=\/wp\/v2\/types\/page"}],"author":[{"embeddable":true,"href":"https:\/\/seestlokalhistoriskeforening.dk\/index.php?rest_route=\/wp\/v2\/users\/1"}],"replies":[{"embeddable":true,"href":"https:\/\/seestlokalhistoriskeforening.dk\/index.php?rest_route=%2Fwp%2Fv2%2Fcomments&post=1336"}],"version-history":[{"count":4,"href":"https:\/\/seestlokalhistoriskeforening.dk\/index.php?rest_route=\/wp\/v2\/pages\/1336\/revisions"}],"predecessor-version":[{"id":1355,"href":"https:\/\/seestlokalhistoriskeforening.dk\/index.php?rest_route=\/wp\/v2\/pages\/1336\/revisions\/1355"}],"wp:attachment":[{"href":"https:\/\/seestlokalhistoriskeforening.dk\/index.php?rest_route=%2Fwp%2Fv2%2Fmedia&parent=1336"}],"curies":[{"name":"wp","href":"https:\/\/api.w.org\/{rel}","templated":true}]}}