{"id":1127,"date":"2015-12-09T09:04:47","date_gmt":"2015-12-09T09:04:47","guid":{"rendered":"https:\/\/seestlokalhistoriskeforening.dk\/?page_id=1127"},"modified":"2015-12-09T10:17:36","modified_gmt":"2015-12-09T10:17:36","slug":"26-maj-2015-2","status":"publish","type":"page","link":"https:\/\/seestlokalhistoriskeforening.dk\/?page_id=1127","title":{"rendered":"26. maj 2015"},"content":{"rendered":"<h2 style=\"text-align: center;\">Vandm\u00f8lleg\u00e5rden\u00a0\u00a0&#8211;\u00a0 Tirsdag den 26. maj 2015<\/h2>\n<p style=\"text-align: center;\">v\/J\u00f8rgen Hansen<\/p>\n<p>Med flere end 50 deltagere, blev turen til Vandm\u00f8lleg\u00e5rden, tirsdag den 26. maj, lidt af et till\u00f8bsstykke. Efter en kort velkomst guidede Ludvig Dall selskabet gennem det smukke og kuperede terr\u00e6n. Fra det h\u00f8jeste punkt p\u00e5 turen (46m.) var der en fantastisk udsigt over hylkedalen med motorvejsbroen i baggrunden.<\/p>\n<p>Under turen, der varede en lille times tid, blev der gjort ophold p\u00e5 steder, hvor historien med tiden havde \u00e6ndret omr\u00e5dets udseende. En veloplagt Ludvig f\u00f8rte selskabet sikker igennem det kuperede terr\u00e6n til pavillonen, hvor kaffekurvene kom p\u00e5 bordet mens Ludvig, med stor iver, fortalte om sin drengetid p\u00e5 g\u00e5rden &#8211; og g\u00e5rdens historie. P\u00e5 arkivet i Rytterskolen kan du finde de resterende billeder fra den sp\u00e6ndende tur.<\/p>\n<p><a href=\"https:\/\/seestlokalhistoriskeforening.dk\/wp-content\/uploads\/2014\/09\/Nr.-1.jpg\"><img loading=\"lazy\" decoding=\"async\" class=\"alignleft size-medium wp-image-988\" src=\"https:\/\/seestlokalhistoriskeforening.dk\/wp-content\/uploads\/2014\/09\/Nr.-1-300x199.jpg\" alt=\"Nr. 1\" width=\"300\" height=\"199\" srcset=\"https:\/\/seestlokalhistoriskeforening.dk\/wp-content\/uploads\/2014\/09\/Nr.-1-300x199.jpg 300w, https:\/\/seestlokalhistoriskeforening.dk\/wp-content\/uploads\/2014\/09\/Nr.-1.jpg 640w\" sizes=\"auto, (max-width: 300px) 100vw, 300px\" \/><\/a> <a href=\"https:\/\/seestlokalhistoriskeforening.dk\/wp-content\/uploads\/2014\/09\/Nr.-2.jpg\"><img loading=\"lazy\" decoding=\"async\" class=\"alignleft size-medium wp-image-989\" src=\"https:\/\/seestlokalhistoriskeforening.dk\/wp-content\/uploads\/2014\/09\/Nr.-2-300x199.jpg\" alt=\"Nr. 2\" width=\"300\" height=\"199\" srcset=\"https:\/\/seestlokalhistoriskeforening.dk\/wp-content\/uploads\/2014\/09\/Nr.-2-300x199.jpg 300w, https:\/\/seestlokalhistoriskeforening.dk\/wp-content\/uploads\/2014\/09\/Nr.-2.jpg 640w\" sizes=\"auto, (max-width: 300px) 100vw, 300px\" \/><\/a> <a href=\"https:\/\/seestlokalhistoriskeforening.dk\/wp-content\/uploads\/2014\/09\/Nr.-4.jpg\"><img loading=\"lazy\" decoding=\"async\" class=\"alignleft size-medium wp-image-991\" src=\"https:\/\/seestlokalhistoriskeforening.dk\/wp-content\/uploads\/2014\/09\/Nr.-4-300x199.jpg\" alt=\"Nr. 4\" width=\"300\" height=\"199\" srcset=\"https:\/\/seestlokalhistoriskeforening.dk\/wp-content\/uploads\/2014\/09\/Nr.-4-300x199.jpg 300w, https:\/\/seestlokalhistoriskeforening.dk\/wp-content\/uploads\/2014\/09\/Nr.-4.jpg 640w\" sizes=\"auto, (max-width: 300px) 100vw, 300px\" \/><\/a> <a href=\"https:\/\/seestlokalhistoriskeforening.dk\/wp-content\/uploads\/2014\/09\/Nr.-3.jpg\"><img loading=\"lazy\" decoding=\"async\" class=\"alignleft size-medium wp-image-990\" src=\"https:\/\/seestlokalhistoriskeforening.dk\/wp-content\/uploads\/2014\/09\/Nr.-3-300x199.jpg\" alt=\"Nr. 3\" width=\"300\" height=\"199\" srcset=\"https:\/\/seestlokalhistoriskeforening.dk\/wp-content\/uploads\/2014\/09\/Nr.-3-300x199.jpg 300w, https:\/\/seestlokalhistoriskeforening.dk\/wp-content\/uploads\/2014\/09\/Nr.-3.jpg 640w\" sizes=\"auto, (max-width: 300px) 100vw, 300px\" \/><\/a> <a href=\"https:\/\/seestlokalhistoriskeforening.dk\/wp-content\/uploads\/2014\/09\/Nr.-5.jpg\"><img loading=\"lazy\" decoding=\"async\" class=\"alignleft size-medium wp-image-992\" src=\"https:\/\/seestlokalhistoriskeforening.dk\/wp-content\/uploads\/2014\/09\/Nr.-5-300x199.jpg\" alt=\"Nr. 5\" width=\"300\" height=\"199\" srcset=\"https:\/\/seestlokalhistoriskeforening.dk\/wp-content\/uploads\/2014\/09\/Nr.-5-300x199.jpg 300w, https:\/\/seestlokalhistoriskeforening.dk\/wp-content\/uploads\/2014\/09\/Nr.-5.jpg 640w\" sizes=\"auto, (max-width: 300px) 100vw, 300px\" \/><\/a> <a href=\"https:\/\/seestlokalhistoriskeforening.dk\/wp-content\/uploads\/2014\/09\/Nr.-6.jpg\"><img loading=\"lazy\" decoding=\"async\" class=\"alignleft size-medium wp-image-993\" src=\"https:\/\/seestlokalhistoriskeforening.dk\/wp-content\/uploads\/2014\/09\/Nr.-6-300x199.jpg\" alt=\"Nr. 6\" width=\"300\" height=\"199\" srcset=\"https:\/\/seestlokalhistoriskeforening.dk\/wp-content\/uploads\/2014\/09\/Nr.-6-300x199.jpg 300w, https:\/\/seestlokalhistoriskeforening.dk\/wp-content\/uploads\/2014\/09\/Nr.-6.jpg 640w\" sizes=\"auto, (max-width: 300px) 100vw, 300px\" \/><\/a><\/p>\n<p>&nbsp;<\/p>\n","protected":false},"excerpt":{"rendered":"<p>Vandm\u00f8lleg\u00e5rden\u00a0\u00a0&#8211;\u00a0 Tirsdag den 26. maj 2015 v\/J\u00f8rgen Hansen Med flere end 50 deltagere, blev turen til Vandm\u00f8lleg\u00e5rden, tirsdag den 26. maj, lidt af et till\u00f8bsstykke. Efter en kort velkomst guidede Ludvig Dall selskabet gennem det smukke og kuperede terr\u00e6n. Fra det h\u00f8jeste punkt p\u00e5 turen (46m.) var der en fantastisk udsigt over hylkedalen med motorvejsbroen [&hellip;]<\/p>\n","protected":false},"author":1,"featured_media":0,"parent":0,"menu_order":0,"comment_status":"closed","ping_status":"closed","template":"","meta":{"footnotes":""},"class_list":["post-1127","page","type-page","status-publish","czr-hentry"],"_links":{"self":[{"href":"https:\/\/seestlokalhistoriskeforening.dk\/index.php?rest_route=\/wp\/v2\/pages\/1127","targetHints":{"allow":["GET"]}}],"collection":[{"href":"https:\/\/seestlokalhistoriskeforening.dk\/index.php?rest_route=\/wp\/v2\/pages"}],"about":[{"href":"https:\/\/seestlokalhistoriskeforening.dk\/index.php?rest_route=\/wp\/v2\/types\/page"}],"author":[{"embeddable":true,"href":"https:\/\/seestlokalhistoriskeforening.dk\/index.php?rest_route=\/wp\/v2\/users\/1"}],"replies":[{"embeddable":true,"href":"https:\/\/seestlokalhistoriskeforening.dk\/index.php?rest_route=%2Fwp%2Fv2%2Fcomments&post=1127"}],"version-history":[{"count":3,"href":"https:\/\/seestlokalhistoriskeforening.dk\/index.php?rest_route=\/wp\/v2\/pages\/1127\/revisions"}],"predecessor-version":[{"id":1157,"href":"https:\/\/seestlokalhistoriskeforening.dk\/index.php?rest_route=\/wp\/v2\/pages\/1127\/revisions\/1157"}],"wp:attachment":[{"href":"https:\/\/seestlokalhistoriskeforening.dk\/index.php?rest_route=%2Fwp%2Fv2%2Fmedia&parent=1127"}],"curies":[{"name":"wp","href":"https:\/\/api.w.org\/{rel}","templated":true}]}}